{"id":16423,"date":"2025-02-10T11:25:38","date_gmt":"2025-02-10T09:25:38","guid":{"rendered":"https:\/\/www.mrmotors.fi\/produkt\/paro-520rx-mercury-f60-elpt-efi-tarjous\/"},"modified":"2025-07-18T08:17:20","modified_gmt":"2025-07-18T05:17:20","slug":"paro-520rx-mercury-f60-elpt-efi-tarjous","status":"publish","type":"product","link":"https:\/\/www.mrmotors.fi\/fi\/tuote\/paro-520rx-mercury-f60-elpt-efi-tarjous\/","title":{"rendered":"Paro 520RX + MHonda BF50 LRTU Tarjous"},"content":{"rendered":"<p>Erikoistarjous vain 22300\u20ac      KYSY !<\/p>\n<p>Paro 520 RX + Honda BF 50 LRTU<\/p>\n<p>Ovh: 25700\u20ac<br \/>\nSaatavana My\u00f6s Mercury tai Suzuki moottorilla.Kysy!<\/p>\n<p>Asennus ja toimituskulut lis\u00e4t\u00e4\u00e4n hintaan.<\/p>\n<p>PARO 520<br \/>\nVakoivarusteet:<br \/>\nRST-K\u00f6lirauta<br \/>\nRST -kaarella tuettu tuulilasi, kaari suojaa my\u00f6s hallintalaitteen.<br \/>\nPer\u00e4peili tikas<br \/>\nKaapeliohjaus.<br \/>\nHylly ohjauspulpetissa.<\/p>\n<p>Mela\/venehaka<br \/>\nPer\u00e4kaide<br \/>\nSammutin<\/p>\n<p>Veneess\u00e4 on suuri lattiapinta kuormaa varten,<\/p>\n<p>k\u00f6ysikotelo keulassa ja kunnolliset s\u00e4ilytystilat<\/p>\n<p>keulassa ja per\u00e4ss\u00e4.<\/p>\n<p>Jos haluat asentaa s\u00e4hk\u00f6per\u00e4moottorin tai<\/p>\n<p>lis\u00e4valaistusta keulaan niin on alkaen 2018<\/p>\n<p>k\u00f6ysiboksista etupenkin kautta takapenkkiin<\/p>\n<p>asennettu kaapeliputki.<\/p>\n<p>Taloudellisuus: Polttoaineen kulutus on ainoastaan<\/p>\n<p>0,5 l \/ mpk. Veneen ja moottorin paino sallii<\/p>\n<p>kuljetuksen jarruttomalla per\u00e4k\u00e4rryll\u00e4.<\/p>\n<p>Lis\u00e4tarvikkeet: &#8211; s\u00e4ilytyslaatikko, &#8211; sivukaiteet,<\/p>\n<p>&#8211; keulakaiteet, &#8211; pulpetinsuoja<\/p>\n","protected":false},"excerpt":{"rendered":"<p>Erikoistarjous vain 22300\u20ac KYSY ! Paro 520 RX + Honda BF 50 LRTU Ovh: 25700\u20ac Saatavana My\u00f6s Mercury tai Suzuki moottorilla.Kysy! Asennus ja toimituskulut lis\u00e4t\u00e4\u00e4n hintaan. PARO 520 Vakoivarusteet: RST-K\u00f6lirauta RST -kaarella tuettu tuulilasi, kaari suojaa my\u00f6s hallintalaitteen. Per\u00e4peili tikas Kaapeliohjaus. Hylly ohjauspulpetissa. Mela\/venehaka Per\u00e4kaide Sammutin Veneess\u00e4 on suuri lattiapinta kuormaa varten, k\u00f6ysikotelo keulassa ja [&hellip;]<\/p>\n","protected":false},"featured_media":16407,"template":"","meta":[],"product_cat":[19,21],"product_tag":[],"_links":{"self":[{"href":"https:\/\/www.mrmotors.fi\/fi\/wp-json\/wp\/v2\/product\/16423"}],"collection":[{"href":"https:\/\/www.mrmotors.fi\/fi\/wp-json\/wp\/v2\/product"}],"about":[{"href":"https:\/\/www.mrmotors.fi\/fi\/wp-json\/wp\/v2\/types\/product"}],"wp:featuredmedia":[{"embeddable":true,"href":"https:\/\/www.mrmotors.fi\/fi\/wp-json\/wp\/v2\/media\/16407"}],"wp:attachment":[{"href":"https:\/\/www.mrmotors.fi\/fi\/wp-json\/wp\/v2\/media?parent=16423"}],"wp:term":[{"taxonomy":"product_cat","embeddable":true,"href":"https:\/\/www.mrmotors.fi\/fi\/wp-json\/wp\/v2\/product_cat?post=16423"},{"taxonomy":"product_tag","embeddable":true,"href":"https:\/\/www.mrmotors.fi\/fi\/wp-json\/wp\/v2\/product_tag?post=16423"}],"curies":[{"name":"wp","href":"https:\/\/api.w.org\/{rel}","templated":true}]}}