{"id":16400,"date":"2021-03-18T11:27:00","date_gmt":"2021-03-18T09:27:00","guid":{"rendered":"https:\/\/www.mrmotors.fi\/produkt\/suzuki-df-30-athl\/"},"modified":"2021-03-18T11:27:00","modified_gmt":"2021-03-18T09:27:00","slug":"suzuki-df-30-athl","status":"publish","type":"product","link":"https:\/\/www.mrmotors.fi\/fi\/tuote\/suzuki-df-30-athl\/","title":{"rendered":"Suzuki DF 30 ATHL"},"content":{"rendered":"<p>Pitk\u00e4 riki.Ohjauskahva.Trimmi.S\u00e4hk\u00f6startti.<br \/>\nL\u00f6ytyy varastossa.<\/p>\n","protected":false},"excerpt":{"rendered":"<p>Pitk\u00e4 riki.Ohjauskahva.Trimmi.S\u00e4hk\u00f6startti. L\u00f6ytyy varastossa.<\/p>\n","protected":false},"featured_media":10184,"template":"","meta":[],"product_cat":[68,19],"product_tag":[],"_links":{"self":[{"href":"https:\/\/www.mrmotors.fi\/fi\/wp-json\/wp\/v2\/product\/16400"}],"collection":[{"href":"https:\/\/www.mrmotors.fi\/fi\/wp-json\/wp\/v2\/product"}],"about":[{"href":"https:\/\/www.mrmotors.fi\/fi\/wp-json\/wp\/v2\/types\/product"}],"wp:featuredmedia":[{"embeddable":true,"href":"https:\/\/www.mrmotors.fi\/fi\/wp-json\/wp\/v2\/media\/10184"}],"wp:attachment":[{"href":"https:\/\/www.mrmotors.fi\/fi\/wp-json\/wp\/v2\/media?parent=16400"}],"wp:term":[{"taxonomy":"product_cat","embeddable":true,"href":"https:\/\/www.mrmotors.fi\/fi\/wp-json\/wp\/v2\/product_cat?post=16400"},{"taxonomy":"product_tag","embeddable":true,"href":"https:\/\/www.mrmotors.fi\/fi\/wp-json\/wp\/v2\/product_tag?post=16400"}],"curies":[{"name":"wp","href":"https:\/\/api.w.org\/{rel}","templated":true}]}}