{"id":16213,"date":"2024-12-13T09:26:26","date_gmt":"2024-12-13T07:26:26","guid":{"rendered":"https:\/\/www.mrmotors.fi\/produkt\/polaris-spm-570-eps-hunter-edition\/"},"modified":"2024-12-13T09:26:26","modified_gmt":"2024-12-13T07:26:26","slug":"polaris-spm-570-eps-hunter-edition","status":"publish","type":"product","link":"https:\/\/www.mrmotors.fi\/fi\/tuote\/polaris-spm-570-eps-hunter-edition\/","title":{"rendered":"Polaris Spm 570 Eps Hunter Edition"},"content":{"rendered":"<p>Traktoriksi rekister\u00f6ity m\u00f6nkij\u00e4<br \/>\n-Ohjaustehostin<br \/>\n-60km\/h<br \/>\n-100% neliveto<br \/>\n-Vinssi<br \/>\n-26\u2033 CST Renkaat<br \/>\n-Aluvanteet<br \/>\n-Kahval\u00e4mpp\u00e4rit<br \/>\n-Karjapuskuri eteen \/ taakse<br \/>\n-Kaiteet eteen \/ taakse<br \/>\n-kahdelle rekister\u00f6ity<br \/>\n-korkea\/matala vaihde<br \/>\n-LED valot<br \/>\n+ toimituskulut <\/p>\n","protected":false},"excerpt":{"rendered":"<p>Traktoriksi rekister\u00f6ity m\u00f6nkij\u00e4 -Ohjaustehostin -60km\/h -100% neliveto -Vinssi -26\u2033 CST Renkaat -Aluvanteet -Kahval\u00e4mpp\u00e4rit -Karjapuskuri eteen \/ taakse -Kaiteet eteen \/ taakse -kahdelle rekister\u00f6ity -korkea\/matala vaihde -LED valot + toimituskulut<\/p>\n","protected":false},"featured_media":16212,"template":"","meta":[],"product_cat":[20,19],"product_tag":[],"_links":{"self":[{"href":"https:\/\/www.mrmotors.fi\/fi\/wp-json\/wp\/v2\/product\/16213"}],"collection":[{"href":"https:\/\/www.mrmotors.fi\/fi\/wp-json\/wp\/v2\/product"}],"about":[{"href":"https:\/\/www.mrmotors.fi\/fi\/wp-json\/wp\/v2\/types\/product"}],"wp:featuredmedia":[{"embeddable":true,"href":"https:\/\/www.mrmotors.fi\/fi\/wp-json\/wp\/v2\/media\/16212"}],"wp:attachment":[{"href":"https:\/\/www.mrmotors.fi\/fi\/wp-json\/wp\/v2\/media?parent=16213"}],"wp:term":[{"taxonomy":"product_cat","embeddable":true,"href":"https:\/\/www.mrmotors.fi\/fi\/wp-json\/wp\/v2\/product_cat?post=16213"},{"taxonomy":"product_tag","embeddable":true,"href":"https:\/\/www.mrmotors.fi\/fi\/wp-json\/wp\/v2\/product_tag?post=16213"}],"curies":[{"name":"wp","href":"https:\/\/api.w.org\/{rel}","templated":true}]}}