{"id":15464,"date":"2024-04-15T14:51:48","date_gmt":"2024-04-15T11:51:48","guid":{"rendered":"https:\/\/www.mrmotors.fi\/produkt\/e-power-eps45i\/"},"modified":"2024-04-15T14:51:48","modified_gmt":"2024-04-15T11:51:48","slug":"e-power-eps45i","status":"publish","type":"product","link":"https:\/\/www.mrmotors.fi\/fi\/tuote\/e-power-eps45i\/","title":{"rendered":"e-power EPS45i"},"content":{"rendered":"<p>E-power EPS45i-invertteri generaattori.<br \/>\nJatkuva 3700 W ,hetkellisesti 4500 W<br \/>\nEPS45i on varusteltu py\u00f6rilla ja vetokahvalla.<br \/>\nS\u00e4hk\u00f6k\u00e4ynnistys ja et\u00e4k\u00e4ynnistys kaukos\u00e4\u00e4timell\u00e4 vakiona<\/p>\n","protected":false},"excerpt":{"rendered":"<p>E-power EPS45i-invertteri generaattori. Jatkuva 3700 W ,hetkellisesti 4500 W EPS45i on varusteltu py\u00f6rilla ja vetokahvalla. S\u00e4hk\u00f6k\u00e4ynnistys ja et\u00e4k\u00e4ynnistys kaukos\u00e4\u00e4timell\u00e4 vakiona<\/p>\n","protected":false},"featured_media":15440,"template":"","meta":[],"product_cat":[64,19],"product_tag":[],"_links":{"self":[{"href":"https:\/\/www.mrmotors.fi\/fi\/wp-json\/wp\/v2\/product\/15464"}],"collection":[{"href":"https:\/\/www.mrmotors.fi\/fi\/wp-json\/wp\/v2\/product"}],"about":[{"href":"https:\/\/www.mrmotors.fi\/fi\/wp-json\/wp\/v2\/types\/product"}],"wp:featuredmedia":[{"embeddable":true,"href":"https:\/\/www.mrmotors.fi\/fi\/wp-json\/wp\/v2\/media\/15440"}],"wp:attachment":[{"href":"https:\/\/www.mrmotors.fi\/fi\/wp-json\/wp\/v2\/media?parent=15464"}],"wp:term":[{"taxonomy":"product_cat","embeddable":true,"href":"https:\/\/www.mrmotors.fi\/fi\/wp-json\/wp\/v2\/product_cat?post=15464"},{"taxonomy":"product_tag","embeddable":true,"href":"https:\/\/www.mrmotors.fi\/fi\/wp-json\/wp\/v2\/product_tag?post=15464"}],"curies":[{"name":"wp","href":"https:\/\/api.w.org\/{rel}","templated":true}]}}