{"id":14848,"date":"2024-01-12T11:44:44","date_gmt":"2024-01-12T09:44:44","guid":{"rendered":"https:\/\/www.mrmotors.fi\/produkt\/polaris-570eps-black-edition\/"},"modified":"2024-12-13T09:33:34","modified_gmt":"2024-12-13T07:33:34","slug":"polaris-570eps-black-edition","status":"publish","type":"product","link":"https:\/\/www.mrmotors.fi\/fi\/tuote\/polaris-570eps-black-edition\/","title":{"rendered":"Polaris 570Eps Black Edition"},"content":{"rendered":"<p>Traktoriksi rekister\u00f6ity m\u00f6nkij\u00e4<br \/>\n-Ohjaustehostin<br \/>\n-60km\/h<br \/>\n-100% neliveto<br \/>\n-Vinssi<br \/>\n-26&#8243; CST Renkaat<br \/>\n-Aluvanteet<br \/>\n-kahdelle rekister\u00f6ity<br \/>\n-korkea\/matala vaihde<br \/>\n-LED valot<br \/>\n+ toimituskulut <\/p>\n","protected":false},"excerpt":{"rendered":"<p>Traktoriksi rekister\u00f6ity m\u00f6nkij\u00e4 -Ohjaustehostin -60km\/h -100% neliveto -Vinssi -26&#8243; CST Renkaat -Aluvanteet -kahdelle rekister\u00f6ity -korkea\/matala vaihde -LED valot + toimituskulut<\/p>\n","protected":false},"featured_media":14847,"template":"","meta":[],"product_cat":[20,19],"product_tag":[],"_links":{"self":[{"href":"https:\/\/www.mrmotors.fi\/fi\/wp-json\/wp\/v2\/product\/14848"}],"collection":[{"href":"https:\/\/www.mrmotors.fi\/fi\/wp-json\/wp\/v2\/product"}],"about":[{"href":"https:\/\/www.mrmotors.fi\/fi\/wp-json\/wp\/v2\/types\/product"}],"wp:featuredmedia":[{"embeddable":true,"href":"https:\/\/www.mrmotors.fi\/fi\/wp-json\/wp\/v2\/media\/14847"}],"wp:attachment":[{"href":"https:\/\/www.mrmotors.fi\/fi\/wp-json\/wp\/v2\/media?parent=14848"}],"wp:term":[{"taxonomy":"product_cat","embeddable":true,"href":"https:\/\/www.mrmotors.fi\/fi\/wp-json\/wp\/v2\/product_cat?post=14848"},{"taxonomy":"product_tag","embeddable":true,"href":"https:\/\/www.mrmotors.fi\/fi\/wp-json\/wp\/v2\/product_tag?post=14848"}],"curies":[{"name":"wp","href":"https:\/\/api.w.org\/{rel}","templated":true}]}}