{"id":14016,"date":"2023-04-13T12:38:15","date_gmt":"2023-04-13T09:38:15","guid":{"rendered":"https:\/\/www.mrmotors.fi\/produkt\/terhi-390-uutuus\/"},"modified":"2024-05-31T16:41:56","modified_gmt":"2024-05-31T13:41:56","slug":"terhi-390-uutuus","status":"publish","type":"product","link":"https:\/\/www.mrmotors.fi\/fi\/tuote\/terhi-390-uutuus\/","title":{"rendered":"Terhi 390"},"content":{"rendered":"<p>Uudessa soutuveneess\u00e4mme soutamisen keveys ja moottoriajamisen helppous yhdistyv\u00e4t tyylikk\u00e4\u00e4seen ulkon\u00e4k\u00f6\u00f6n. Terhi 390 on kauan odotettu seuraaja Terhin pitk\u00e4aikaiselle 385-mallille, jota valmistettiin yli 40 vuoden ajan ja jota l\u00f6ytynee miltei jokaisesta m\u00f6kkirannasta (tai v\u00e4hint\u00e4\u00e4nkin m\u00f6kkinaapurilta). T\u00e4m\u00e4n kest\u00e4v\u00e4n ja vakaan soutuveneen per\u00e4\u00e4n sopii hyvin my\u00f6s pieni per\u00e4moottori, jolla matka taittuu sutjakkaasti ja iloisesti. <\/p>\n<p>Kysy toimitusaika.<\/p>\n","protected":false},"excerpt":{"rendered":"<p>Uudessa soutuveneess\u00e4mme soutamisen keveys ja moottoriajamisen helppous yhdistyv\u00e4t tyylikk\u00e4\u00e4seen ulkon\u00e4k\u00f6\u00f6n. Terhi 390 on kauan odotettu seuraaja Terhin pitk\u00e4aikaiselle 385-mallille, jota valmistettiin yli 40 vuoden ajan ja jota l\u00f6ytynee miltei jokaisesta m\u00f6kkirannasta (tai v\u00e4hint\u00e4\u00e4nkin m\u00f6kkinaapurilta). T\u00e4m\u00e4n kest\u00e4v\u00e4n ja vakaan soutuveneen per\u00e4\u00e4n sopii hyvin my\u00f6s pieni per\u00e4moottori, jolla matka taittuu sutjakkaasti ja iloisesti. Kysy toimitusaika.<\/p>\n","protected":false},"featured_media":14015,"template":"","meta":[],"product_cat":[19,21],"product_tag":[],"_links":{"self":[{"href":"https:\/\/www.mrmotors.fi\/fi\/wp-json\/wp\/v2\/product\/14016"}],"collection":[{"href":"https:\/\/www.mrmotors.fi\/fi\/wp-json\/wp\/v2\/product"}],"about":[{"href":"https:\/\/www.mrmotors.fi\/fi\/wp-json\/wp\/v2\/types\/product"}],"wp:featuredmedia":[{"embeddable":true,"href":"https:\/\/www.mrmotors.fi\/fi\/wp-json\/wp\/v2\/media\/14015"}],"wp:attachment":[{"href":"https:\/\/www.mrmotors.fi\/fi\/wp-json\/wp\/v2\/media?parent=14016"}],"wp:term":[{"taxonomy":"product_cat","embeddable":true,"href":"https:\/\/www.mrmotors.fi\/fi\/wp-json\/wp\/v2\/product_cat?post=14016"},{"taxonomy":"product_tag","embeddable":true,"href":"https:\/\/www.mrmotors.fi\/fi\/wp-json\/wp\/v2\/product_tag?post=14016"}],"curies":[{"name":"wp","href":"https:\/\/api.w.org\/{rel}","templated":true}]}}