{"id":14003,"date":"2023-04-12T08:33:01","date_gmt":"2023-04-12T05:33:01","guid":{"rendered":"https:\/\/www.mrmotors.fi\/produkt\/stiga-multiclip-747-sd\/"},"modified":"2023-04-12T08:33:01","modified_gmt":"2023-04-12T05:33:01","slug":"stiga-multiclip-747-sd","status":"publish","type":"product","link":"https:\/\/www.mrmotors.fi\/fi\/tuote\/stiga-multiclip-747-sd\/","title":{"rendered":"Stiga Multiclip 747 SD"},"content":{"rendered":"<p>Stiga Multiclip 747 SD<\nItsevet\u00e4v\u00e4.\n139cc moottori.\nSivulle heitt\u00e4v\u00e4\/multiclip.\nLeikkuleveys 45cm.\n\n<\/p>\n","protected":false},"excerpt":{"rendered":"<p>Stiga Multiclip 747 SD< Itsevet\u00e4v\u00e4. 139cc moottori. Sivulle heitt\u00e4v\u00e4\/multiclip. Leikkuleveys 45cm.\n<\/p>\n","protected":false},"featured_media":13929,"template":"","meta":[],"product_cat":[22,19],"product_tag":[],"_links":{"self":[{"href":"https:\/\/www.mrmotors.fi\/fi\/wp-json\/wp\/v2\/product\/14003"}],"collection":[{"href":"https:\/\/www.mrmotors.fi\/fi\/wp-json\/wp\/v2\/product"}],"about":[{"href":"https:\/\/www.mrmotors.fi\/fi\/wp-json\/wp\/v2\/types\/product"}],"wp:featuredmedia":[{"embeddable":true,"href":"https:\/\/www.mrmotors.fi\/fi\/wp-json\/wp\/v2\/media\/13929"}],"wp:attachment":[{"href":"https:\/\/www.mrmotors.fi\/fi\/wp-json\/wp\/v2\/media?parent=14003"}],"wp:term":[{"taxonomy":"product_cat","embeddable":true,"href":"https:\/\/www.mrmotors.fi\/fi\/wp-json\/wp\/v2\/product_cat?post=14003"},{"taxonomy":"product_tag","embeddable":true,"href":"https:\/\/www.mrmotors.fi\/fi\/wp-json\/wp\/v2\/product_tag?post=14003"}],"curies":[{"name":"wp","href":"https:\/\/api.w.org\/{rel}","templated":true}]}}