{"id":13656,"date":"2023-01-18T14:49:30","date_gmt":"2023-01-18T12:49:30","guid":{"rendered":"https:\/\/www.mrmotors.fi\/produkt\/paro-475rx-mercury-f30-erbjudande\/"},"modified":"2026-02-13T10:54:48","modified_gmt":"2026-02-13T08:54:48","slug":"paro-475rx-mercury-f30-erbjudande","status":"publish","type":"product","link":"https:\/\/www.mrmotors.fi\/fi\/tuote\/paro-475rx-mercury-f30-erbjudande\/","title":{"rendered":"Paro 475RX \/ Mercury F30 Tarjous"},"content":{"rendered":"<p>Paro 475RX + Mercury F30 ELPT EFI-2026<br \/>\nVeneen takuu 3 vuotta.<br \/>\nMoottorin takuu jopa 5 vuotta.<br \/>\nKysy tarjous!<br \/>\n(My\u00f6s saatavana 20 hv moottorilla.Kysy!<br \/>\nHonda.Mercury.Suzuki)<br \/>\nLis\u00e4varusteita saatavana lis\u00e4hintaan:<br \/>\n-Tuuilasi + kaari<br \/>\n-Sivukaiteet<br \/>\n-Keulakaiteet<br \/>\n-Pulpetinsuoja<br \/>\n-Istuintyynyt<br \/>\nKuvan vene on lis\u00e4varustettu.<br \/>\nMy\u00f6s vaihto \/ Rahoitus.<\/p>\n","protected":false},"excerpt":{"rendered":"<p>Paro 475RX + Mercury F30 ELPT EFI-2026 Veneen takuu 3 vuotta. Moottorin takuu jopa 5 vuotta. Kysy tarjous! (My\u00f6s saatavana 20 hv moottorilla.Kysy! Honda.Mercury.Suzuki) Lis\u00e4varusteita saatavana lis\u00e4hintaan: -Tuuilasi + kaari -Sivukaiteet -Keulakaiteet -Pulpetinsuoja -Istuintyynyt Kuvan vene on lis\u00e4varustettu. My\u00f6s vaihto \/ Rahoitus.<\/p>\n","protected":false},"featured_media":13654,"template":"","meta":[],"product_cat":[19,21],"product_tag":[],"_links":{"self":[{"href":"https:\/\/www.mrmotors.fi\/fi\/wp-json\/wp\/v2\/product\/13656"}],"collection":[{"href":"https:\/\/www.mrmotors.fi\/fi\/wp-json\/wp\/v2\/product"}],"about":[{"href":"https:\/\/www.mrmotors.fi\/fi\/wp-json\/wp\/v2\/types\/product"}],"wp:featuredmedia":[{"embeddable":true,"href":"https:\/\/www.mrmotors.fi\/fi\/wp-json\/wp\/v2\/media\/13654"}],"wp:attachment":[{"href":"https:\/\/www.mrmotors.fi\/fi\/wp-json\/wp\/v2\/media?parent=13656"}],"wp:term":[{"taxonomy":"product_cat","embeddable":true,"href":"https:\/\/www.mrmotors.fi\/fi\/wp-json\/wp\/v2\/product_cat?post=13656"},{"taxonomy":"product_tag","embeddable":true,"href":"https:\/\/www.mrmotors.fi\/fi\/wp-json\/wp\/v2\/product_tag?post=13656"}],"curies":[{"name":"wp","href":"https:\/\/api.w.org\/{rel}","templated":true}]}}