{"id":13466,"date":"2023-01-05T13:51:31","date_gmt":"2023-01-05T11:51:31","guid":{"rendered":"https:\/\/www.mrmotors.fi\/produkt\/paro-520-mercury-f50-erbjudande\/"},"modified":"2024-04-08T14:35:56","modified_gmt":"2024-04-08T11:35:56","slug":"paro-520-mercury-f50-erbjudande","status":"publish","type":"product","link":"https:\/\/www.mrmotors.fi\/fi\/tuote\/paro-520-mercury-f50-erbjudande\/","title":{"rendered":"Paro 520"},"content":{"rendered":"<p>Paro 520<br \/>\nVeneen takuu 3 vuotta.<br \/>\nMeilt\u00e4 Honda.Mercury.Suzuki<br \/>\nLis\u00e4varusteita saatavana lis\u00e4hintaan:<br \/>\n-Sivukaiteet<br \/>\n-Keulakaiteet<br \/>\n-S\u00e4ilytyslaatikko<br \/>\n-Pulpetinsuoja<br \/>\n-Istuintyynyt<\/p>\n<p>My\u00f6s vaihto \/ Rahoitus.<\/p>\n","protected":false},"excerpt":{"rendered":"<p>Paro 520 Veneen takuu 3 vuotta. Meilt\u00e4 Honda.Mercury.Suzuki Lis\u00e4varusteita saatavana lis\u00e4hintaan: -Sivukaiteet -Keulakaiteet -S\u00e4ilytyslaatikko -Pulpetinsuoja -Istuintyynyt My\u00f6s vaihto \/ Rahoitus.<\/p>\n","protected":false},"featured_media":13448,"template":"","meta":[],"product_cat":[19,21],"product_tag":[],"_links":{"self":[{"href":"https:\/\/www.mrmotors.fi\/fi\/wp-json\/wp\/v2\/product\/13466"}],"collection":[{"href":"https:\/\/www.mrmotors.fi\/fi\/wp-json\/wp\/v2\/product"}],"about":[{"href":"https:\/\/www.mrmotors.fi\/fi\/wp-json\/wp\/v2\/types\/product"}],"wp:featuredmedia":[{"embeddable":true,"href":"https:\/\/www.mrmotors.fi\/fi\/wp-json\/wp\/v2\/media\/13448"}],"wp:attachment":[{"href":"https:\/\/www.mrmotors.fi\/fi\/wp-json\/wp\/v2\/media?parent=13466"}],"wp:term":[{"taxonomy":"product_cat","embeddable":true,"href":"https:\/\/www.mrmotors.fi\/fi\/wp-json\/wp\/v2\/product_cat?post=13466"},{"taxonomy":"product_tag","embeddable":true,"href":"https:\/\/www.mrmotors.fi\/fi\/wp-json\/wp\/v2\/product_tag?post=13466"}],"curies":[{"name":"wp","href":"https:\/\/api.w.org\/{rel}","templated":true}]}}