{"id":13271,"date":"2022-11-11T17:31:37","date_gmt":"2022-11-11T15:31:37","guid":{"rendered":"https:\/\/www.mrmotors.fi\/produkt\/silver-fox-br-honda\/"},"modified":"2022-11-11T17:31:37","modified_gmt":"2022-11-11T15:31:37","slug":"silver-fox-br-honda","status":"publish","type":"product","link":"https:\/\/www.mrmotors.fi\/fi\/tuote\/silver-fox-br-honda\/","title":{"rendered":"Silver Fox BR +Honda"},"content":{"rendered":"<p>Esill\u00e4 myym\u00e4l\u00e4ss\u00e4.<br \/>\nTervetuloa tutustumaan.<\/p>\n<p>Per\u00e4moottori\tSuositushinta\tPakettihinta<br \/>\n+ Honda BF50DK4LRTU\t31 090 \u20ac  \t25 990 \u20ac<br \/>\n+ Honda BF60AK1LRTU\t32 290 \u20ac \t26 990 \u20ac<br \/>\n+ Toimituskulut<\/p>\n<p>Lis\u00e4hintaan on my\u00f6s saatavana varustepaketilla :<br \/>\nComfort pack Fox BR veneeseen. Sis\u00e4lt\u00e4\u00e4 alumiiniturkkilevyt, varustekassin, per\u00e4kuomun ja takapenkin pehmusteet.<br \/>\nLis\u00e4hinta 1790.-<\/p>\n<p>Kysy tarjous \/ Vaihtotarjous.<\/p>\n","protected":false},"excerpt":{"rendered":"<p>Esill\u00e4 myym\u00e4l\u00e4ss\u00e4. Tervetuloa tutustumaan. Per\u00e4moottori Suositushinta Pakettihinta + Honda BF50DK4LRTU 31 090 \u20ac 25 990 \u20ac + Honda BF60AK1LRTU 32 290 \u20ac 26 990 \u20ac + Toimituskulut Lis\u00e4hintaan on my\u00f6s saatavana varustepaketilla : Comfort pack Fox BR veneeseen. Sis\u00e4lt\u00e4\u00e4 alumiiniturkkilevyt, varustekassin, per\u00e4kuomun ja takapenkin pehmusteet. Lis\u00e4hinta 1790.- Kysy tarjous \/ Vaihtotarjous.<\/p>\n","protected":false},"featured_media":13246,"template":"","meta":[],"product_cat":[19,21],"product_tag":[],"_links":{"self":[{"href":"https:\/\/www.mrmotors.fi\/fi\/wp-json\/wp\/v2\/product\/13271"}],"collection":[{"href":"https:\/\/www.mrmotors.fi\/fi\/wp-json\/wp\/v2\/product"}],"about":[{"href":"https:\/\/www.mrmotors.fi\/fi\/wp-json\/wp\/v2\/types\/product"}],"wp:featuredmedia":[{"embeddable":true,"href":"https:\/\/www.mrmotors.fi\/fi\/wp-json\/wp\/v2\/media\/13246"}],"wp:attachment":[{"href":"https:\/\/www.mrmotors.fi\/fi\/wp-json\/wp\/v2\/media?parent=13271"}],"wp:term":[{"taxonomy":"product_cat","embeddable":true,"href":"https:\/\/www.mrmotors.fi\/fi\/wp-json\/wp\/v2\/product_cat?post=13271"},{"taxonomy":"product_tag","embeddable":true,"href":"https:\/\/www.mrmotors.fi\/fi\/wp-json\/wp\/v2\/product_tag?post=13271"}],"curies":[{"name":"wp","href":"https:\/\/api.w.org\/{rel}","templated":true}]}}