{"id":13192,"date":"2022-10-27T17:20:25","date_gmt":"2022-10-27T14:20:25","guid":{"rendered":"https:\/\/www.mrmotors.fi\/produkt\/polaris-sportsman-570-winterpack-kampanja\/"},"modified":"2026-02-11T11:42:55","modified_gmt":"2026-02-11T09:42:55","slug":"polaris-sportsman-570-winterpack-kampanja","status":"publish","type":"product","link":"https:\/\/www.mrmotors.fi\/fi\/tuote\/polaris-sportsman-570-winterpack-kampanja\/","title":{"rendered":"Polaris Sportsman 570 winterpack kampanja"},"content":{"rendered":"<p>Traktoriksi rekister\u00f6ity m\u00f6nkij\u00e4<br \/>\n-60km\/h<br \/>\n-100% neliveto<br \/>\n-kahdelle rekister\u00f6ity<br \/>\n-korkea\/matala vaihde<br \/>\n+ toimituskulut <\/p>\n<p>+Polaris vinssi 416,- + lumilevy 1135,-<\/p>\n<p>V\u00e4rivaihtoehto: Harmaa tai Vihre\u00e4<\/p>\n","protected":false},"excerpt":{"rendered":"<p>Traktoriksi rekister\u00f6ity m\u00f6nkij\u00e4 -60km\/h -100% neliveto -kahdelle rekister\u00f6ity -korkea\/matala vaihde + toimituskulut +Polaris vinssi 416,- + lumilevy 1135,- V\u00e4rivaihtoehto: Harmaa tai Vihre\u00e4<\/p>\n","protected":false},"featured_media":13170,"template":"","meta":[],"product_cat":[20,19],"product_tag":[],"_links":{"self":[{"href":"https:\/\/www.mrmotors.fi\/fi\/wp-json\/wp\/v2\/product\/13192"}],"collection":[{"href":"https:\/\/www.mrmotors.fi\/fi\/wp-json\/wp\/v2\/product"}],"about":[{"href":"https:\/\/www.mrmotors.fi\/fi\/wp-json\/wp\/v2\/types\/product"}],"wp:featuredmedia":[{"embeddable":true,"href":"https:\/\/www.mrmotors.fi\/fi\/wp-json\/wp\/v2\/media\/13170"}],"wp:attachment":[{"href":"https:\/\/www.mrmotors.fi\/fi\/wp-json\/wp\/v2\/media?parent=13192"}],"wp:term":[{"taxonomy":"product_cat","embeddable":true,"href":"https:\/\/www.mrmotors.fi\/fi\/wp-json\/wp\/v2\/product_cat?post=13192"},{"taxonomy":"product_tag","embeddable":true,"href":"https:\/\/www.mrmotors.fi\/fi\/wp-json\/wp\/v2\/product_tag?post=13192"}],"curies":[{"name":"wp","href":"https:\/\/api.w.org\/{rel}","templated":true}]}}