{"id":13139,"date":"2022-10-20T09:11:52","date_gmt":"2022-10-20T06:11:52","guid":{"rendered":"https:\/\/www.mrmotors.fi\/produkt\/faster-525-cc-2023-honda\/"},"modified":"2024-09-02T10:14:52","modified_gmt":"2024-09-02T07:14:52","slug":"faster-525-cc-2023-honda","status":"publish","type":"product","link":"https:\/\/www.mrmotors.fi\/fi\/tuote\/faster-525-cc-2023-honda\/","title":{"rendered":"Faster 525 CC-2023 + Honda"},"content":{"rendered":"<p>Hinnat alkaen 33990.-<br \/>\nL\u00f6ytyy varastossa<br \/>\nRaymarine Axiom+ 9 RV -karttaplotteri + CPT-S -kaikuanturi<br \/>\nLightHouse-kartta<br \/>\nHydrauliohjaus<br \/>\nTrolling Control<br \/>\nKiinte\u00e4 polttoaines\u00e4ili\u00f6 100 litra<br \/>\nMoottori              \tPakettihinta<br \/>\n+ Honda BF60AK1LRTU\t33 990 \u20ac<br \/>\n+ Honda BF80AK1LRTU     35 490 \u20ac<br \/>\n+ Honda BF100AK1LRTU\t35 990 \u20ac<br \/>\n+ Toimituskulut 950 \u20ac<br \/>\nKysy tarjous \/ Vaihtotarjous.<\/p>\n","protected":false},"excerpt":{"rendered":"<p>Hinnat alkaen 33990.- L\u00f6ytyy varastossa Raymarine Axiom+ 9 RV -karttaplotteri + CPT-S -kaikuanturi LightHouse-kartta Hydrauliohjaus Trolling Control Kiinte\u00e4 polttoaines\u00e4ili\u00f6 100 litra Moottori Pakettihinta + Honda BF60AK1LRTU 33 990 \u20ac + Honda BF80AK1LRTU 35 490 \u20ac + Honda BF100AK1LRTU 35 990 \u20ac + Toimituskulut 950 \u20ac Kysy tarjous \/ Vaihtotarjous.<\/p>\n","protected":false},"featured_media":13110,"template":"","meta":[],"product_cat":[19,21],"product_tag":[],"_links":{"self":[{"href":"https:\/\/www.mrmotors.fi\/fi\/wp-json\/wp\/v2\/product\/13139"}],"collection":[{"href":"https:\/\/www.mrmotors.fi\/fi\/wp-json\/wp\/v2\/product"}],"about":[{"href":"https:\/\/www.mrmotors.fi\/fi\/wp-json\/wp\/v2\/types\/product"}],"wp:featuredmedia":[{"embeddable":true,"href":"https:\/\/www.mrmotors.fi\/fi\/wp-json\/wp\/v2\/media\/13110"}],"wp:attachment":[{"href":"https:\/\/www.mrmotors.fi\/fi\/wp-json\/wp\/v2\/media?parent=13139"}],"wp:term":[{"taxonomy":"product_cat","embeddable":true,"href":"https:\/\/www.mrmotors.fi\/fi\/wp-json\/wp\/v2\/product_cat?post=13139"},{"taxonomy":"product_tag","embeddable":true,"href":"https:\/\/www.mrmotors.fi\/fi\/wp-json\/wp\/v2\/product_tag?post=13139"}],"curies":[{"name":"wp","href":"https:\/\/api.w.org\/{rel}","templated":true}]}}