{"id":13137,"date":"2022-10-20T08:54:50","date_gmt":"2022-10-20T05:54:50","guid":{"rendered":"https:\/\/www.mrmotors.fi\/produkt\/faster-525sc-2023-honda\/"},"modified":"2022-10-20T09:13:24","modified_gmt":"2022-10-20T06:13:24","slug":"faster-525sc-2023-honda","status":"publish","type":"product","link":"https:\/\/www.mrmotors.fi\/fi\/tuote\/faster-525sc-2023-honda\/","title":{"rendered":"Faster 525SC -2023 + Honda"},"content":{"rendered":"<p>Hinnat alkaen 33990.-<br \/>\nL\u00f6ytyy varastossa<br \/>\nRaymarine Axiom+ 9 RV -karttaplotteri + CPT-S -kaikuanturi<br \/>\nLightHouse-kartta<br \/>\nHydrauliohjaus<br \/>\nTrolling Control<br \/>\nKiinte\u00e4 polttoaines\u00e4ili\u00f6 100 litra<br \/>\nMoottori              Ohjehinta  Pakettihinta<br \/>\n+ Honda BF60AK1LRTU\t38 790  \u20ac\t33 990 \u20ac<br \/>\n+ Honda BF80AK1LRTU\t42 490 \u20ac        35 490 \u20ac<br \/>\n+ Honda BF100AK1LRTU\t43 490 \u20ac  \t35 990 \u20ac<br \/>\n+ Toimituskulut 950 \u20ac<br \/>\nKysy tarjous \/ Vaihtotarjous.<\/p>\n","protected":false},"excerpt":{"rendered":"<p>Hinnat alkaen 33990.- L\u00f6ytyy varastossa Raymarine Axiom+ 9 RV -karttaplotteri + CPT-S -kaikuanturi LightHouse-kartta Hydrauliohjaus Trolling Control Kiinte\u00e4 polttoaines\u00e4ili\u00f6 100 litra Moottori Ohjehinta Pakettihinta + Honda BF60AK1LRTU 38 790 \u20ac 33 990 \u20ac + Honda BF80AK1LRTU 42 490 \u20ac 35 490 \u20ac + Honda BF100AK1LRTU 43 490 \u20ac 35 990 \u20ac + Toimituskulut 950 \u20ac [&hellip;]<\/p>\n","protected":false},"featured_media":16587,"template":"","meta":[],"product_cat":[19,21],"product_tag":[],"_links":{"self":[{"href":"https:\/\/www.mrmotors.fi\/fi\/wp-json\/wp\/v2\/product\/13137"}],"collection":[{"href":"https:\/\/www.mrmotors.fi\/fi\/wp-json\/wp\/v2\/product"}],"about":[{"href":"https:\/\/www.mrmotors.fi\/fi\/wp-json\/wp\/v2\/types\/product"}],"wp:featuredmedia":[{"embeddable":true,"href":"https:\/\/www.mrmotors.fi\/fi\/wp-json\/wp\/v2\/media\/16587"}],"wp:attachment":[{"href":"https:\/\/www.mrmotors.fi\/fi\/wp-json\/wp\/v2\/media?parent=13137"}],"wp:term":[{"taxonomy":"product_cat","embeddable":true,"href":"https:\/\/www.mrmotors.fi\/fi\/wp-json\/wp\/v2\/product_cat?post=13137"},{"taxonomy":"product_tag","embeddable":true,"href":"https:\/\/www.mrmotors.fi\/fi\/wp-json\/wp\/v2\/product_tag?post=13137"}],"curies":[{"name":"wp","href":"https:\/\/api.w.org\/{rel}","templated":true}]}}