{"id":13092,"date":"2022-10-18T10:35:25","date_gmt":"2022-10-18T07:35:25","guid":{"rendered":"https:\/\/www.mrmotors.fi\/produkt\/kulkuri-21-2023\/"},"modified":"2024-05-17T14:07:54","modified_gmt":"2024-05-17T11:07:54","slug":"kulkuri-21-2023","status":"publish","type":"product","link":"https:\/\/www.mrmotors.fi\/fi\/tuote\/kulkuri-21-2023\/","title":{"rendered":"Kulkuri 21 Classic"},"content":{"rendered":"<p>\nKulkuri 21 Classic-malli on suunnattu ammattimaiseen k\u00e4ytt\u00f6\u00f6n raskaille kuormille. Classic-malli tyhjentyy automaattisesti pumpulla.<br \/>\nPuoliliukuva, jolloin niill\u00e4 voidaan ajaa tarvittaessa my\u00f6s hitaasti. T\u00e4m\u00e4 korostuu uisteluk\u00e4yt\u00f6ss\u00e4, jossa vene kulkee suoraan ilman jatkuvaa ohjausta.<\/p>\n<p>Veneen vakiovarustelu on kattava, siihen kuuluu mm. hydraulinen ohjaus ja tukevat kaiteet veneen laidalla. Lis\u00e4varusteina on mahdollista saada esimerkiksi nykyaikainen navigointipaketti tai lis\u00e4istuin ohjauspulpetin eteen.<br \/>\nPituus:6,10 m<br \/>\nLeveys 2,30 m<br \/>\nMoottori suositus:50-100 Hk.<br \/>\nPaino 600 kg.<br \/>\nMoottorivaihtoehdot:Honda,Mercury,Suzuki.<br \/>\nKysy Tarjous!<br \/>\nKysy toimitusaika.<\/p>\n","protected":false},"excerpt":{"rendered":"<p>Kulkuri 21 Classic-malli on suunnattu ammattimaiseen k\u00e4ytt\u00f6\u00f6n raskaille kuormille. Classic-malli tyhjentyy automaattisesti pumpulla. Puoliliukuva, jolloin niill\u00e4 voidaan ajaa tarvittaessa my\u00f6s hitaasti. T\u00e4m\u00e4 korostuu uisteluk\u00e4yt\u00f6ss\u00e4, jossa vene kulkee suoraan ilman jatkuvaa ohjausta. Veneen vakiovarustelu on kattava, siihen kuuluu mm. hydraulinen ohjaus ja tukevat kaiteet veneen laidalla. Lis\u00e4varusteina on mahdollista saada esimerkiksi nykyaikainen navigointipaketti tai lis\u00e4istuin ohjauspulpetin [&hellip;]<\/p>\n","protected":false},"featured_media":13077,"template":"","meta":[],"product_cat":[19,21],"product_tag":[],"_links":{"self":[{"href":"https:\/\/www.mrmotors.fi\/fi\/wp-json\/wp\/v2\/product\/13092"}],"collection":[{"href":"https:\/\/www.mrmotors.fi\/fi\/wp-json\/wp\/v2\/product"}],"about":[{"href":"https:\/\/www.mrmotors.fi\/fi\/wp-json\/wp\/v2\/types\/product"}],"wp:featuredmedia":[{"embeddable":true,"href":"https:\/\/www.mrmotors.fi\/fi\/wp-json\/wp\/v2\/media\/13077"}],"wp:attachment":[{"href":"https:\/\/www.mrmotors.fi\/fi\/wp-json\/wp\/v2\/media?parent=13092"}],"wp:term":[{"taxonomy":"product_cat","embeddable":true,"href":"https:\/\/www.mrmotors.fi\/fi\/wp-json\/wp\/v2\/product_cat?post=13092"},{"taxonomy":"product_tag","embeddable":true,"href":"https:\/\/www.mrmotors.fi\/fi\/wp-json\/wp\/v2\/product_tag?post=13092"}],"curies":[{"name":"wp","href":"https:\/\/api.w.org\/{rel}","templated":true}]}}