{"id":13031,"date":"2022-10-12T11:23:53","date_gmt":"2022-10-12T08:23:53","guid":{"rendered":"https:\/\/www.mrmotors.fi\/produkt\/tg-6-1-honda-nyhet-2023\/"},"modified":"2025-11-24T14:19:49","modified_gmt":"2025-11-24T12:19:49","slug":"tg-6-1-honda-nyhet-2023","status":"publish","type":"product","link":"https:\/\/www.mrmotors.fi\/fi\/tuote\/tg-6-1-honda-nyhet-2023\/","title":{"rendered":"TG 6.1 \/ Honda."},"content":{"rendered":"<p>TG:n suosikkimallista on nyt tehty uusi versio. Uudessa TG 6.1 on hieman kulmikkaampi muotoilu ja liimalasit tekev\u00e4t uutuudesta modernin ja tyylikk\u00e4\u00e4n.<\/p>\n<p>Pituus<br \/>\n6,1 m<br \/>\nLeveys<br \/>\n2,1 m<br \/>\nPaino<br \/>\n640 kg<br \/>\nCE-hyv\u00e4ksynt\u00e4<br \/>\nC<br \/>\nHenkil\u00f6luku<br \/>\n5<br \/>\nMoottori<br \/>\n60-80 hv<br \/>\nPolttoaines\u00e4ili\u00f6<br \/>\n70 l<br \/>\nHinnat:                Pakettihinta:<br \/>\nTG 6.1+ BF60 AK1 LRTU     37 990 \u20ac<br \/>\nTG 6.1+ BF80 AK1 LRTU     39 490 \u20ac<br \/>\n+  Toimituskulut<br \/>\nL\u00f6ytyy varastossa.Tervetuloa tutustumaan.<\/p>\n","protected":false},"excerpt":{"rendered":"<p>TG:n suosikkimallista on nyt tehty uusi versio. Uudessa TG 6.1 on hieman kulmikkaampi muotoilu ja liimalasit tekev\u00e4t uutuudesta modernin ja tyylikk\u00e4\u00e4n. Pituus 6,1 m Leveys 2,1 m Paino 640 kg CE-hyv\u00e4ksynt\u00e4 C Henkil\u00f6luku 5 Moottori 60-80 hv Polttoaines\u00e4ili\u00f6 70 l Hinnat: Pakettihinta: TG 6.1+ BF60 AK1 LRTU 37 990 \u20ac TG 6.1+ BF80 AK1 LRTU [&hellip;]<\/p>\n","protected":false},"featured_media":13016,"template":"","meta":[],"product_cat":[21],"product_tag":[],"_links":{"self":[{"href":"https:\/\/www.mrmotors.fi\/fi\/wp-json\/wp\/v2\/product\/13031"}],"collection":[{"href":"https:\/\/www.mrmotors.fi\/fi\/wp-json\/wp\/v2\/product"}],"about":[{"href":"https:\/\/www.mrmotors.fi\/fi\/wp-json\/wp\/v2\/types\/product"}],"wp:featuredmedia":[{"embeddable":true,"href":"https:\/\/www.mrmotors.fi\/fi\/wp-json\/wp\/v2\/media\/13016"}],"wp:attachment":[{"href":"https:\/\/www.mrmotors.fi\/fi\/wp-json\/wp\/v2\/media?parent=13031"}],"wp:term":[{"taxonomy":"product_cat","embeddable":true,"href":"https:\/\/www.mrmotors.fi\/fi\/wp-json\/wp\/v2\/product_cat?post=13031"},{"taxonomy":"product_tag","embeddable":true,"href":"https:\/\/www.mrmotors.fi\/fi\/wp-json\/wp\/v2\/product_tag?post=13031"}],"curies":[{"name":"wp","href":"https:\/\/api.w.org\/{rel}","templated":true}]}}