{"id":11716,"date":"2022-01-11T16:15:36","date_gmt":"2022-01-11T14:15:36","guid":{"rendered":"https:\/\/www.mrmotors.fi\/produkt\/11715\/"},"modified":"2026-01-05T16:31:56","modified_gmt":"2026-01-05T14:31:56","slug":"11715","status":"publish","type":"product","link":"https:\/\/www.mrmotors.fi\/fi\/tuote\/11715\/","title":{"rendered":"Faster 570 SC + Honda"},"content":{"rendered":"<p>Faster 570 SC + Honda BF 100LRTU-2026 Pakettihinta 44490.-<br \/>\nUusi ylivuotinen k\u00e4yt\u00e4maton paketti tarjoushintaan 42000.-<br \/>\n+ Toimituskulut.<br \/>\n5 vuoden takuu.<br \/>\nLis\u00e4hintaan om mahdollista ostaa lis\u00e4varusteita tai isompi moottori.<\/p>\n","protected":false},"excerpt":{"rendered":"<p>Faster 570 SC + Honda BF 100LRTU-2026 Pakettihinta 44490.- Uusi ylivuotinen k\u00e4yt\u00e4maton paketti tarjoushintaan 42000.- + Toimituskulut. 5 vuoden takuu. Lis\u00e4hintaan om mahdollista ostaa lis\u00e4varusteita tai isompi moottori.<\/p>\n","protected":false},"featured_media":11628,"template":"","meta":[],"product_cat":[19,21],"product_tag":[],"_links":{"self":[{"href":"https:\/\/www.mrmotors.fi\/fi\/wp-json\/wp\/v2\/product\/11716"}],"collection":[{"href":"https:\/\/www.mrmotors.fi\/fi\/wp-json\/wp\/v2\/product"}],"about":[{"href":"https:\/\/www.mrmotors.fi\/fi\/wp-json\/wp\/v2\/types\/product"}],"wp:featuredmedia":[{"embeddable":true,"href":"https:\/\/www.mrmotors.fi\/fi\/wp-json\/wp\/v2\/media\/11628"}],"wp:attachment":[{"href":"https:\/\/www.mrmotors.fi\/fi\/wp-json\/wp\/v2\/media?parent=11716"}],"wp:term":[{"taxonomy":"product_cat","embeddable":true,"href":"https:\/\/www.mrmotors.fi\/fi\/wp-json\/wp\/v2\/product_cat?post=11716"},{"taxonomy":"product_tag","embeddable":true,"href":"https:\/\/www.mrmotors.fi\/fi\/wp-json\/wp\/v2\/product_tag?post=11716"}],"curies":[{"name":"wp","href":"https:\/\/api.w.org\/{rel}","templated":true}]}}