{"id":11231,"date":"2021-09-08T13:34:15","date_gmt":"2021-09-08T10:34:15","guid":{"rendered":"https:\/\/www.mrmotors.fi\/produkt\/11212\/"},"modified":"2026-01-05T16:38:39","modified_gmt":"2026-01-05T14:38:39","slug":"11212","status":"publish","type":"product","link":"https:\/\/www.mrmotors.fi\/fi\/tuote\/11212\/","title":{"rendered":"TG 7.9 + Honda"},"content":{"rendered":"<p>TG 7.9 + Honda BF 200 D XRU<br \/>\nUusi ylivuotinen k\u00e4yt\u00e4maton paketti erikoishintaan.<\/p>\n<p>+ Commuterpack = Keulapotkuri+ Webstol\u00e4mmitin + Cabinp\u00f6yt\u00e4 + Led keulavalot.<br \/>\n+ Toimituskulut<\/p>\n","protected":false},"excerpt":{"rendered":"<p>TG 7.9 + Honda BF 200 D XRU Uusi ylivuotinen k\u00e4yt\u00e4maton paketti erikoishintaan. + Commuterpack = Keulapotkuri+ Webstol\u00e4mmitin + Cabinp\u00f6yt\u00e4 + Led keulavalot. + Toimituskulut<\/p>\n","protected":false},"featured_media":11408,"template":"","meta":[],"product_cat":[19,21],"product_tag":[],"_links":{"self":[{"href":"https:\/\/www.mrmotors.fi\/fi\/wp-json\/wp\/v2\/product\/11231"}],"collection":[{"href":"https:\/\/www.mrmotors.fi\/fi\/wp-json\/wp\/v2\/product"}],"about":[{"href":"https:\/\/www.mrmotors.fi\/fi\/wp-json\/wp\/v2\/types\/product"}],"wp:featuredmedia":[{"embeddable":true,"href":"https:\/\/www.mrmotors.fi\/fi\/wp-json\/wp\/v2\/media\/11408"}],"wp:attachment":[{"href":"https:\/\/www.mrmotors.fi\/fi\/wp-json\/wp\/v2\/media?parent=11231"}],"wp:term":[{"taxonomy":"product_cat","embeddable":true,"href":"https:\/\/www.mrmotors.fi\/fi\/wp-json\/wp\/v2\/product_cat?post=11231"},{"taxonomy":"product_tag","embeddable":true,"href":"https:\/\/www.mrmotors.fi\/fi\/wp-json\/wp\/v2\/product_tag?post=11231"}],"curies":[{"name":"wp","href":"https:\/\/api.w.org\/{rel}","templated":true}]}}