{"id":11037,"date":"2021-08-05T13:05:20","date_gmt":"2021-08-05T10:05:20","guid":{"rendered":"https:\/\/www.mrmotors.fi\/produkt\/mercury-f20-eh\/"},"modified":"2025-12-01T14:41:16","modified_gmt":"2025-12-01T12:41:16","slug":"mercury-f20-eh","status":"publish","type":"product","link":"https:\/\/www.mrmotors.fi\/fi\/tuote\/mercury-f20-eh\/","title":{"rendered":"Mercury F20 EH"},"content":{"rendered":"<p>Lyhyt riki.<br \/>\nOhjauskava.S\u00e4hk\u00f6startti.<br \/>\nL\u00f6ytyy varastossa.<\/p>\n","protected":false},"excerpt":{"rendered":"<p>Lyhyt riki. Ohjauskava.S\u00e4hk\u00f6startti. L\u00f6ytyy varastossa.<\/p>\n","protected":false},"featured_media":11030,"template":"","meta":[],"product_cat":[68,19],"product_tag":[],"_links":{"self":[{"href":"https:\/\/www.mrmotors.fi\/fi\/wp-json\/wp\/v2\/product\/11037"}],"collection":[{"href":"https:\/\/www.mrmotors.fi\/fi\/wp-json\/wp\/v2\/product"}],"about":[{"href":"https:\/\/www.mrmotors.fi\/fi\/wp-json\/wp\/v2\/types\/product"}],"wp:featuredmedia":[{"embeddable":true,"href":"https:\/\/www.mrmotors.fi\/fi\/wp-json\/wp\/v2\/media\/11030"}],"wp:attachment":[{"href":"https:\/\/www.mrmotors.fi\/fi\/wp-json\/wp\/v2\/media?parent=11037"}],"wp:term":[{"taxonomy":"product_cat","embeddable":true,"href":"https:\/\/www.mrmotors.fi\/fi\/wp-json\/wp\/v2\/product_cat?post=11037"},{"taxonomy":"product_tag","embeddable":true,"href":"https:\/\/www.mrmotors.fi\/fi\/wp-json\/wp\/v2\/product_tag?post=11037"}],"curies":[{"name":"wp","href":"https:\/\/api.w.org\/{rel}","templated":true}]}}