{"id":10492,"date":"2021-05-10T10:18:16","date_gmt":"2021-05-10T07:18:16","guid":{"rendered":"https:\/\/www.mrmotors.fi\/produkt\/bella-485r-mercury-f50\/"},"modified":"2024-06-04T09:13:51","modified_gmt":"2024-06-04T06:13:51","slug":"bella-485r-mercury-f50","status":"publish","type":"product","link":"https:\/\/www.mrmotors.fi\/fi\/tuote\/bella-485r-mercury-f50\/","title":{"rendered":"Bella 485R-2023 + Mercury"},"content":{"rendered":"<p>Bella 485R + Mercury F50 ELPT EFI alk. 19900\u20ac<br \/>\nBella 485R + Mercury F60 ELPT EFI alk. 21100\u20ac<br \/>\nTarjous 60 hv moottorilla 19590\u20ac<\/p>\n<p>+ asennus ja toimituskulut<\/p>\n<p>Vakiovarusteet:<\/p>\n<p>12V virran ulosotto<\/p>\n<p>Ankkuri- ja k\u00f6ysiboksi keulassa<\/p>\n<p>Erillisistuin, leve\u00e4 monitoiminen<\/p>\n<p>Kaiteet ja helat haponkest\u00e4v\u00e4\u00e4 ter\u00e4st\u00e4<\/p>\n<p>Kulkuvalot<\/p>\n<p>Mukitelineet<\/p>\n<p>NFB-kaapeliohjaus<\/p>\n<p>Paikka karttaplotterille<\/p>\n<p>Paikka lepuuttajille, 4 kpl<\/p>\n<p>Patjat, avotila<\/p>\n<p>Penkkien suojahuput<\/p>\n<p>Piknik-p\u00f6yt\u00e4<\/p>\n<p>Sadevesityhjentyv\u00e4 avotila<\/p>\n<p>SmartCraft-mittaristo<\/p>\n<p>Uimatikkaat<\/p>\n<p>Uistelunopeuden s\u00e4\u00e4din<\/p>\n<p>Esill\u00e4 myym\u00e4l\u00e4ss\u00e4.<\/p>\n<p>Tervetuloa tutustumaan.<\/p>\n<p>My\u00f6s vaihto ja rahoitus.<\/p>\n","protected":false},"excerpt":{"rendered":"<p>Bella 485R + Mercury F50 ELPT EFI alk. 19900\u20ac Bella 485R + Mercury F60 ELPT EFI alk. 21100\u20ac Tarjous 60 hv moottorilla 19590\u20ac + asennus ja toimituskulut Vakiovarusteet: 12V virran ulosotto Ankkuri- ja k\u00f6ysiboksi keulassa Erillisistuin, leve\u00e4 monitoiminen Kaiteet ja helat haponkest\u00e4v\u00e4\u00e4 ter\u00e4st\u00e4 Kulkuvalot Mukitelineet NFB-kaapeliohjaus Paikka karttaplotterille Paikka lepuuttajille, 4 kpl Patjat, avotila Penkkien [&hellip;]<\/p>\n","protected":false},"featured_media":13274,"template":"","meta":[],"product_cat":[19,21],"product_tag":[],"_links":{"self":[{"href":"https:\/\/www.mrmotors.fi\/fi\/wp-json\/wp\/v2\/product\/10492"}],"collection":[{"href":"https:\/\/www.mrmotors.fi\/fi\/wp-json\/wp\/v2\/product"}],"about":[{"href":"https:\/\/www.mrmotors.fi\/fi\/wp-json\/wp\/v2\/types\/product"}],"wp:featuredmedia":[{"embeddable":true,"href":"https:\/\/www.mrmotors.fi\/fi\/wp-json\/wp\/v2\/media\/13274"}],"wp:attachment":[{"href":"https:\/\/www.mrmotors.fi\/fi\/wp-json\/wp\/v2\/media?parent=10492"}],"wp:term":[{"taxonomy":"product_cat","embeddable":true,"href":"https:\/\/www.mrmotors.fi\/fi\/wp-json\/wp\/v2\/product_cat?post=10492"},{"taxonomy":"product_tag","embeddable":true,"href":"https:\/\/www.mrmotors.fi\/fi\/wp-json\/wp\/v2\/product_tag?post=10492"}],"curies":[{"name":"wp","href":"https:\/\/api.w.org\/{rel}","templated":true}]}}