{"id":10219,"date":"2021-03-18T12:07:44","date_gmt":"2021-03-18T10:07:44","guid":{"rendered":"https:\/\/www.mrmotors.fi\/produkt\/mercury-f20-elhpt\/"},"modified":"2025-12-01T15:20:05","modified_gmt":"2025-12-01T13:20:05","slug":"mercury-f20-elhpt","status":"publish","type":"product","link":"https:\/\/www.mrmotors.fi\/fi\/tuote\/mercury-f20-elhpt\/","title":{"rendered":"Mercury F20 ELHPT"},"content":{"rendered":"<p>Pitk\u00e4 riki.Ohjauskahva.<br \/>\nS\u00e4hk\u00f6nosto.S\u00e4hk\u00f6startti.<br \/>\nL\u00f6ytyy varastossa.<\/p>\n","protected":false},"excerpt":{"rendered":"<p>Pitk\u00e4 riki.Ohjauskahva. S\u00e4hk\u00f6nosto.S\u00e4hk\u00f6startti. L\u00f6ytyy varastossa.<\/p>\n","protected":false},"featured_media":10154,"template":"","meta":[],"product_cat":[68,19],"product_tag":[],"_links":{"self":[{"href":"https:\/\/www.mrmotors.fi\/fi\/wp-json\/wp\/v2\/product\/10219"}],"collection":[{"href":"https:\/\/www.mrmotors.fi\/fi\/wp-json\/wp\/v2\/product"}],"about":[{"href":"https:\/\/www.mrmotors.fi\/fi\/wp-json\/wp\/v2\/types\/product"}],"wp:featuredmedia":[{"embeddable":true,"href":"https:\/\/www.mrmotors.fi\/fi\/wp-json\/wp\/v2\/media\/10154"}],"wp:attachment":[{"href":"https:\/\/www.mrmotors.fi\/fi\/wp-json\/wp\/v2\/media?parent=10219"}],"wp:term":[{"taxonomy":"product_cat","embeddable":true,"href":"https:\/\/www.mrmotors.fi\/fi\/wp-json\/wp\/v2\/product_cat?post=10219"},{"taxonomy":"product_tag","embeddable":true,"href":"https:\/\/www.mrmotors.fi\/fi\/wp-json\/wp\/v2\/product_tag?post=10219"}],"curies":[{"name":"wp","href":"https:\/\/api.w.org\/{rel}","templated":true}]}}