{"id":10218,"date":"2021-03-18T12:09:47","date_gmt":"2021-03-18T10:09:47","guid":{"rendered":"https:\/\/www.mrmotors.fi\/produkt\/mercury-f20-ept\/"},"modified":"2025-12-01T15:16:53","modified_gmt":"2025-12-01T13:16:53","slug":"mercury-f20-ept","status":"publish","type":"product","link":"https:\/\/www.mrmotors.fi\/fi\/tuote\/mercury-f20-ept\/","title":{"rendered":"Mercury F20 EPT"},"content":{"rendered":"<p>Lyhyt riki.S\u00e4hk\u00f6startti.<br \/>\nS\u00e4hk\u00f6nosto.Kaukos\u00e4\u00e4t\u00f6laite.<br \/>\nL\u00f6ytyy varastossa.<\/p>\n","protected":false},"excerpt":{"rendered":"<p>Lyhyt riki.S\u00e4hk\u00f6startti. S\u00e4hk\u00f6nosto.Kaukos\u00e4\u00e4t\u00f6laite. L\u00f6ytyy varastossa.<\/p>\n","protected":false},"featured_media":10156,"template":"","meta":[],"product_cat":[68,19],"product_tag":[],"_links":{"self":[{"href":"https:\/\/www.mrmotors.fi\/fi\/wp-json\/wp\/v2\/product\/10218"}],"collection":[{"href":"https:\/\/www.mrmotors.fi\/fi\/wp-json\/wp\/v2\/product"}],"about":[{"href":"https:\/\/www.mrmotors.fi\/fi\/wp-json\/wp\/v2\/types\/product"}],"wp:featuredmedia":[{"embeddable":true,"href":"https:\/\/www.mrmotors.fi\/fi\/wp-json\/wp\/v2\/media\/10156"}],"wp:attachment":[{"href":"https:\/\/www.mrmotors.fi\/fi\/wp-json\/wp\/v2\/media?parent=10218"}],"wp:term":[{"taxonomy":"product_cat","embeddable":true,"href":"https:\/\/www.mrmotors.fi\/fi\/wp-json\/wp\/v2\/product_cat?post=10218"},{"taxonomy":"product_tag","embeddable":true,"href":"https:\/\/www.mrmotors.fi\/fi\/wp-json\/wp\/v2\/product_tag?post=10218"}],"curies":[{"name":"wp","href":"https:\/\/api.w.org\/{rel}","templated":true}]}}