{"id":10209,"date":"2021-03-18T12:40:59","date_gmt":"2021-03-18T10:40:59","guid":{"rendered":"https:\/\/www.mrmotors.fi\/produkt\/honda-bf-50-lrtz\/"},"modified":"2025-02-04T15:42:51","modified_gmt":"2025-02-04T13:42:51","slug":"honda-bf-50-lrtz","status":"publish","type":"product","link":"https:\/\/www.mrmotors.fi\/fi\/tuote\/honda-bf-50-lrtz\/","title":{"rendered":"Honda BF 50 LRTZ"},"content":{"rendered":"<p>Pitk\u00e4 riki.Trimmill\u00e4.<\/p>\n<p>L\u00f6ytyy varastossa.<\/p>\n","protected":false},"excerpt":{"rendered":"<p>Pitk\u00e4 riki.Trimmill\u00e4. L\u00f6ytyy varastossa.<\/p>\n","protected":false},"featured_media":10202,"template":"","meta":[],"product_cat":[68,19],"product_tag":[],"_links":{"self":[{"href":"https:\/\/www.mrmotors.fi\/fi\/wp-json\/wp\/v2\/product\/10209"}],"collection":[{"href":"https:\/\/www.mrmotors.fi\/fi\/wp-json\/wp\/v2\/product"}],"about":[{"href":"https:\/\/www.mrmotors.fi\/fi\/wp-json\/wp\/v2\/types\/product"}],"wp:featuredmedia":[{"embeddable":true,"href":"https:\/\/www.mrmotors.fi\/fi\/wp-json\/wp\/v2\/media\/10202"}],"wp:attachment":[{"href":"https:\/\/www.mrmotors.fi\/fi\/wp-json\/wp\/v2\/media?parent=10209"}],"wp:term":[{"taxonomy":"product_cat","embeddable":true,"href":"https:\/\/www.mrmotors.fi\/fi\/wp-json\/wp\/v2\/product_cat?post=10209"},{"taxonomy":"product_tag","embeddable":true,"href":"https:\/\/www.mrmotors.fi\/fi\/wp-json\/wp\/v2\/product_tag?post=10209"}],"curies":[{"name":"wp","href":"https:\/\/api.w.org\/{rel}","templated":true}]}}