{"id":5943,"date":"2018-09-02T13:52:33","date_gmt":"2018-09-02T10:52:33","guid":{"rendered":"https:\/\/www.mrmotors.fi\/fi\/?page_id=5943"},"modified":"2018-09-02T13:52:33","modified_gmt":"2018-09-02T10:52:33","slug":"tietosuojakaytanto","status":"publish","type":"page","link":"https:\/\/www.mrmotors.fi\/fi\/tietosuojakaytanto\/","title":{"rendered":"Tietosuojak\u00e4yt\u00e4nt\u00f6"},"content":{"rendered":"<h2><strong>Tietosuojak\u00e4yt\u00e4nt\u00f6<\/strong><\/h2>\n<p><strong>Mrmotors.fi &#8211;\u00a0<\/strong><em>P\u00e4ivitetty <\/em><em>18.08.2018<\/em><\/p>\n<p>Yhteenveto<\/p>\n<p>Mr Motorsin tietosuojak\u00e4yt\u00e4nt\u00f6 on laadittu voidaksesi olla varma siit\u00e4, ett\u00e4 Mr Motors k\u00e4sittelee henkil\u00f6tietojasi asianmukaisella tavalla. Kaikki asiakkaat ovat \u201drekister\u00f6ityj\u00e4\u201d Tietosuoja-asetuksessa olevan m\u00e4\u00e4ritelm\u00e4n mukaisesti.<\/p>\n<p>Asiakkaan on hyv\u00e4ksytt\u00e4v\u00e4 t\u00e4m\u00e4n Tietosuojak\u00e4yt\u00e4nn\u00f6n ehdot voidakseen k\u00e4ytt\u00e4\u00e4 Mr Motorsin palveluja.<\/p>\n<p>K\u00e4yt\u00e4nt\u00f6 kuvaa mit\u00e4 henkil\u00f6tietoja (eli tiettyihin henkil\u00f6ihin liittyv\u00e4t tiedot tai tiedot, jonka avulla tietyn henkil\u00f6n voi tunnistaa) Mr Motors ker\u00e4\u00e4 asiakkaan vieraillessa ja tehdess\u00e4 tilauksen Mr Motorsin verkkosivuilla sek\u00e4 miten n\u00e4it\u00e4 henkil\u00f6tietoja k\u00e4sitell\u00e4\u00e4n ja k\u00e4ytet\u00e4\u00e4n. Asiakirjassa selostetaan my\u00f6s miten Mr Motors k\u00e4ytt\u00e4\u00e4 ev\u00e4steit\u00e4 (cookies).<\/p>\n<p>K\u00e4yt\u00e4mme tietoja<\/p>\n<ul>\n<li>Toimittaaksemme palvelun helposti ja turvallisesti<\/li>\n<li>Parantaaksemme asiakaspalvelun ja markkinoinnin<\/li>\n<li>Kehitt\u00e4\u00e4ksemme verkkosivuja<\/li>\n<\/ul>\n<p><strong>Rekisterinpit\u00e4j\u00e4 ja t\u00e4m\u00e4n yhteystiedot<\/strong><\/p>\n<p>Rekisterinpit\u00e4j\u00e4 on:<\/p>\n<p><strong>\u00a0<\/strong><strong>Ab mr. motors KORSN\u00c4S Oy<\/strong><br \/>\nStrandv\u00e4gen 4260<br \/>\n66200Korsn\u00e4s<br \/>\n06-3641102<br \/>\ninfo@mrmotors.fi<\/p>\n<p>Voit kysy\u00e4 lis\u00e4tietoja tietoturvasta ja henkil\u00f6tietojen k\u00e4sittelyst\u00e4 t\u00e4st\u00e4:<br \/>\nS\u00e4hk\u00f6postilla:<br \/>\n<a href=\"mailto:info@mrmotors.fi\">info@mrmotors.fi<\/a><\/p>\n<p><strong>Mit\u00e4 tietoja minusta voidaan ker\u00e4t\u00e4?<\/strong><\/p>\n<p>Mr Motors ker\u00e4\u00e4 ja k\u00e4sittelee ainoastaan sellaisia tietoja, joita tarvitaan asiakkaan tilauksen ammattimaista k\u00e4sittely\u00e4 varten ja asiakassuhteiden yll\u00e4pit\u00e4miseksi.<\/p>\n<p>Asiakkaan itse antamat tai tunnistamat tiedot.<\/p>\n<ul>\n<li>Yksil\u00f6iv\u00e4t tiedot, esimerkiksi nimi<\/li>\n<li>Yhteystiedot, esimerkiksi osoite, s\u00e4hk\u00f6postiosoite ja puhelinnumero<\/li>\n<\/ul>\n<p>Palvelun k\u00e4yt\u00f6st\u00e4 havainnoidut ja analyysin avulla p\u00e4\u00e4tellyt tiedot<\/p>\n<ul>\n<li>Tiedot verkkosivuston k\u00e4yt\u00f6st\u00e4 ja selailusta sek\u00e4 havainnoidut tiedot k\u00e4ytt\u00e4j\u00e4n laitteesta, esimerkiksi IP-osoite<\/li>\n<\/ul>\n<p><strong>Mihin henkil\u00f6tietojani k\u00e4ytet\u00e4\u00e4n?<\/strong><\/p>\n<p>Henkil\u00f6tietoja k\u00e4ytet\u00e4\u00e4n<\/p>\n<ul>\n<li>Tilausten k\u00e4sittelyyn ja toimitukseen<\/li>\n<li>Asiakassuhteen yll\u00e4pit\u00e4miseen<\/li>\n<li>Asiakassuhteen parantamiseen<\/li>\n<li>Mr Motorsin toiminnan ja palveluiden kehitt\u00e4miseen<\/li>\n<li>tilastotarkoituksiin<\/li>\n<li>V\u00e4\u00e4rink\u00e4yt\u00f6ksen est\u00e4miseen<\/li>\n<li>Paremman asiakaspalvelun tarjoamiseen<\/li>\n<\/ul>\n<p>Mr Motors k\u00e4sittelee tietoja luottamuksellisesti eik\u00e4 luovuta niit\u00e4 ulkopuolisten k\u00e4sitelt\u00e4viksi. Mr Motors pid\u00e4tt\u00e4\u00e4 itsell\u00e4\u00e4n oikeuden siirt\u00e4\u00e4 tiedot kolmannen osapuolen k\u00e4sitelt\u00e4v\u00e4ksi Sveitsiss\u00e4 tai EU:n j\u00e4senvaltioihin, mik\u00e4li t\u00e4m\u00e4 on tarpeen voidakseen k\u00e4sitell\u00e4 asiakkaan tilausta. T\u00e4llaisissa tapauksissa asianmukainen tietosuojataso turvataan noudattamalla yleist\u00e4 Tietosuoja-asetusta ja tekem\u00e4ll\u00e4 sen mukaisia sopimuksia Mr Motorsin alihankkijoiden kanssa.<\/p>\n<p><strong>Miten tietojani s\u00e4ilytet\u00e4\u00e4n ja suojataan?<\/strong><\/p>\n<p>Mr Motorsin asiakkaiden henkil\u00f6tiedoista koostuva tietokanta on jatkuvasti turvattu asianmukaisilla teknisill\u00e4 ja organisatorisilla toiminnoilla est\u00e4\u00e4kseen sen katoamista tai v\u00e4\u00e4rink\u00e4ytt\u00e4mist\u00e4. Tietokanta s\u00e4ilytet\u00e4\u00e4n turvallisessa ymp\u00e4rist\u00f6ss\u00e4, johon yleis\u00f6ll\u00e4 ei ole p\u00e4\u00e4sy\u00e4. Mr Motors s\u00e4ilytt\u00e4\u00e4 asiakastietoja Ruotsissa. Datakeskusten ja verkkoymp\u00e4rist\u00f6n j\u00e4rjestelmien tekninen ja prosessiin liittyv\u00e4 turvallisuus on eritt\u00e4in korkeantasoista. Palvelimet ovat suojattuja tietomurtoja ja denial of service-hy\u00f6kk\u00e4yksi\u00e4 vastaan.<\/p>\n<p>Kun asiakkaan henkil\u00f6tiedot siirtyv\u00e4t, esimerkiksi sis\u00e4\u00e4nkirjautumisen tai tiedonv\u00e4lityksen yhteydess\u00e4, ne ovat suojattuja Secure Socket Layer (SSL)-tekniikkaa k\u00e4ytt\u00e4en. T\u00e4m\u00e4 tarkoittaa, ett\u00e4 asiakkaan tietokoneen ja Mr Motorsin palvelimen v\u00e4liseen tiedonv\u00e4litykseen sovelletaan johtavaa salausmenetelm\u00e4\u00e4, sill\u00e4 edellytyksell\u00e4 ett\u00e4 asiakkaan verkkoselain tukee SSL (https)-tekniikkaa.<\/p>\n<p>Henkil\u00f6tietojen k\u00e4sittelyss\u00e4 ja k\u00e4sittelyn suunnittelussa noudatamme hyv\u00e4\u00e4 tietosuojak\u00e4yt\u00e4nt\u00f6\u00e4, muun muassa datakonsolidointia ja tunnistamisen est\u00e4mist\u00e4, mik\u00e4li mahdollista. Henkil\u00f6tietojen k\u00e4sittelyss\u00e4 olemme huomioineet EU:n tietosuoja-asetuksen 25.5.2018 voimassa tulevat vaatimukset.<\/p>\n<p><strong>Kuka k\u00e4sittelee henkil\u00f6tietojani?<\/strong><\/p>\n<p>Ainoastaan Mr Motorsin omalla henkil\u00f6kunnalla on p\u00e4\u00e4sy asiakastietoihin ja henkil\u00f6kunta on koulutettu k\u00e4ytt\u00e4m\u00e4\u00e4n tietoja turvallisella ja eettisell\u00e4 tavalla.<\/p>\n<p>K\u00e4yt\u00e4mme luotettavia sopimusosapuolia, ja n\u00e4in ollen tietoja voidaan siirt\u00e4\u00e4 kolmannelle osapuolelle. Kaikkien osapuolten sopimuksissa olemme noudattaneet EU:n tietosuoja-asetuksen vaatimuksia ja muuta lains\u00e4\u00e4d\u00e4nt\u00f6\u00e4.<\/p>\n<p><strong>Kuinka kauan tietojani s\u00e4ilytet\u00e4\u00e4n?<\/strong><\/p>\n<p>S\u00e4ilyt\u00e4mme henkil\u00f6tietoja ja kuvatiedostoja vain niin kauan kuin on tarpeen voidaksemme t\u00e4ytt\u00e4\u00e4 t\u00e4ss\u00e4 k\u00e4yt\u00e4nn\u00f6ss\u00e4 mainitut k\u00e4ytt\u00f6tarkoitukset. Sen lis\u00e4ksi tiettyj\u00e4 tietoja voidaan s\u00e4ilytt\u00e4\u00e4 pidemp\u00e4\u00e4n, silt\u00e4 osin kuin niit\u00e4 tarvitaan lainmukaisten velvollisuuksien t\u00e4ytt\u00e4miseksi, esimerkiksi t\u00e4ytt\u00e4m\u00e4\u00e4n kirjanpidon ja kuluttajakaupan velvollisuuksia ja voidaksemme n\u00e4ytt\u00e4\u00e4, ett\u00e4 ne t\u00e4ytet\u00e4\u00e4n asianmukaisella tavalla.<\/p>\n<p>Asiakkaan pyynn\u00f6st\u00e4 asiakasta koskeva henkil\u00f6tieto voidaan poistaa tai muuttaa anonyymiksi Mr Motorsin j\u00e4rjestelm\u00e4ss\u00e4, eik\u00e4 en\u00e4\u00e4n k\u00e4ytt\u00e4\u00e4 t\u00e4ss\u00e4 kuvauksessa lueteltuihin tarkoituksiin.<\/p>\n<p>Joidenkin tietojen kohdalla lains\u00e4\u00e4d\u00e4nt\u00f6 asettaa vaatimuksia tietojen pidempiaikaiselle s\u00e4ilytt\u00e4miselle, muun muassa seuraaviin tarkoituksiin:<\/p>\n<ul>\n<li>Kirjanpitolain mukaan tietoja tulee s\u00e4ilytt\u00e4\u00e4 kauemmin, riippumatta siit\u00e4, sis\u00e4lt\u00e4v\u00e4tk\u00f6 ne henkil\u00f6tietoja vai ei.<\/li>\n<li>Lokitietoja j\u00e4rjestelm\u00e4st\u00e4 ker\u00e4t\u00e4\u00e4n ja s\u00e4ilytet\u00e4\u00e4n lain m\u00e4\u00e4r\u00e4\u00e4m\u00e4ll\u00e4 tavalla, voidaksemme tarjota asiakkaillemme laillisen ja turvallisen verkkokaupan.<\/li>\n<li>Tallentaaksemme riitt\u00e4v\u00e4sti varmuuskopioita verkkoymp\u00e4rist\u00f6n tietokannoista ja j\u00e4rjestelmist\u00e4 voidaksemme turvata tiedot, korjata viat sek\u00e4 yll\u00e4pit\u00e4\u00e4 tietoturvan ja jatkuvuuden.<\/li>\n<\/ul>\n<p><strong>Mit\u00e4 oikeuksia minulla on?<\/strong><\/p>\n<p>Asiakkaana sinulla on oikeus:<\/p>\n<ul>\n<li>kirjallisesta pyynn\u00f6st\u00e4 saada tietoa Mr Motorsin sinusta tallennetuista henkil\u00f6tiedoista<\/li>\n<li>pyyt\u00e4\u00e4 Mr Motors korjaamaan sinua koskevat virheelliset henkil\u00f6tiedot<\/li>\n<li>kirjallisesti milloin tahansa ilmoittaa Mr Motorsille, ett\u00e4 haluat kielt\u00e4\u00e4 henkil\u00f6tietojesi k\u00e4sittely\u00e4 vastedes; t\u00e4m\u00e4 sill\u00e4 rajoituksella, ett\u00e4 Mr Motorsilla edelleen on oikeus k\u00e4sitell\u00e4 tietojasi tarpeellisilta osin (esimerkiksi laskutustiedot).<\/li>\n<li>Mik\u00e4li k\u00e4sittely perustuu erilliseen suostumukseen, sinulla on my\u00f6s oikeus milloin tahansa peruuttaa suostumuksesi. Ota huomioon, ett\u00e4 t\u00e4m\u00e4 ei vaikuta suostumuksen peruutusta edelt\u00e4v\u00e4n k\u00e4sittelyn laillisuuteen.<\/li>\n<li>Voit tehd\u00e4 pyynn\u00f6n k\u00e4ytt\u00e4\u00e4 oikeuksiasi ottamalla yhteytt\u00e4 asiakaspalveluumme. Mr Motors pid\u00e4tt\u00e4\u00e4 itsell\u00e4\u00e4n oikeuden pyyt\u00e4\u00e4 asiakasta tunnistautumaan asianmukaisella tavalla, ennen kuin yll\u00e4 mainittuja pyynt\u00f6j\u00e4 k\u00e4sitell\u00e4\u00e4n.<\/li>\n<\/ul>\n<p>Mik\u00e4li huomaat k\u00e4sittelyn olevan puutteellinen tai lainvastainen, sinulla on oikeus tehd\u00e4 valitus osoitteeseen <a href=\"https:\/\/tietosuoja.fi\/etusivu\">https:\/\/tietosuoja.fi\/etusivu<\/a><\/p>\n<p><strong>Miten saan tietoa minusta j\u00e4rjestelm\u00e4\u00e4n tallennetuista tiedoista?<\/strong><\/p>\n<p>Voit pyyt\u00e4\u00e4 saada tietoa sinusta j\u00e4rjestelm\u00e4\u00e4n tallennetuista tiedoista s\u00e4hk\u00f6postilla: info@mrmotors.fi<\/p>\n<p>K\u00e4sittelemme pyynt\u00f6j\u00e4 30 p\u00e4iv\u00e4n sis\u00e4ll\u00e4 vastaanotettuamme ne.<\/p>\n<p>Miten voin vaikuttaa siihen, mihin tietoja k\u00e4ytet\u00e4\u00e4n?<\/p>\n<p>Mr Motors on sitoutunut tarjoamaan asiakkailleen mahdollisuuksia vaikuttaa siihen, miten tietoja ker\u00e4t\u00e4\u00e4n ja k\u00e4ytet\u00e4\u00e4n.<\/p>\n<p><strong>Luovutetaanko henkil\u00f6tietoni kolmansille osapuolille?<\/strong><\/p>\n<p>K\u00e4yt\u00e4mme asiakastietoja kolmansien osapuolien kanssa tutkimuksiin, analysointiin ja personointiin. Voimme luovuttaa tietoja k\u00e4ytt\u00e4ytymisest\u00e4 ja selailusta kumppaneille voidaksemme tarjota sinulle kiinnostavia tuotteita ja tarjouksia. Tutkimuksissa, analyyseiss\u00e4 ja personoinnissa k\u00e4ytetyt tiedot ovat aina muutettu anonyymeiksi tai pseudonymisoitu mahdollisuuksien mukaan.<\/p>\n<p>Asiakas voi rajoittaa tietojen luovuttamista markkinointitarkoituksiin ottamalla yhteytt\u00e4 asiakaspalveluun.<\/p>\n<p>Tarvittaessa luovutamme tietoja my\u00f6s viranomaisten pyynn\u00f6st\u00e4. Tiedotamme aina my\u00f6s asiakkaalle tietopyynn\u00f6ist\u00e4, mik\u00e4li se on laissa sallittu.<\/p>\n<p><strong>K\u00e4ytt\u00e4\u00e4k\u00f6 verkkosivusto ev\u00e4steit\u00e4 ja mit\u00e4 ne ovat?<\/strong><\/p>\n<p>Mr Motors pyrkii suunnittelemaan verkkosivustoaan siten, ett\u00e4 se on mahdollisimman k\u00e4ytt\u00e4j\u00e4yst\u00e4v\u00e4llinen ja tehokas. T\u00e4m\u00e4n saavuttamiseksi Mr Motors k\u00e4ytt\u00e4\u00e4 ev\u00e4steit\u00e4 (cookies). Voit itse valita, jos Mr Motorsin ohjelma saa ladata ev\u00e4steit\u00e4 tietokoneellesi. K\u00e4ytt\u00e4j\u00e4 voi antaa verkkoselaimen asetukset niin, ett\u00e4 ev\u00e4steit\u00e4 ei hyv\u00e4ksyt\u00e4 tai ett\u00e4 ev\u00e4steet hyv\u00e4ksyt\u00e4\u00e4n ainoastaan tietyill\u00e4 verkkosivustoilla tai ainoastaan hyv\u00e4ksymisen j\u00e4lkeen.<\/p>\n<p>Pyyd\u00e4mme sinua kuitenkin huomioimaan, ett\u00e4 Mr Motorsin verkkosivuston tietyt toiminnot voivat esty\u00e4 tai rajoittua, jos est\u00e4t ev\u00e4steet Mr Motorsin verkkosivustolta. K\u00e4ytt\u00f6kelpoisuuden varmistamiseksi suosittelemme, ett\u00e4 annat verkkoselaimen hyv\u00e4ksy\u00e4 ev\u00e4steet. Palvelimen jakamat ev\u00e4steet s\u00e4ilyv\u00e4t verkkoselaimessa 30 p\u00e4iv\u00e4n ajan.<\/p>\n<p><strong>K\u00e4ytt\u00e4\u00e4k\u00f6 verkkosivusto analyysipalveluja?<\/strong><\/p>\n<p>Mr Motors pyrkii suunnittelemaan verkkosivustokokemustaan siten, ett\u00e4 se on mahdollisimman k\u00e4ytt\u00e4j\u00e4yst\u00e4v\u00e4llinen ja tehokas. Saavuttaakseen t\u00e4m\u00e4n Mr Motors k\u00e4ytt\u00e4\u00e4 verkkoanalyysipalveluja saadakseen tietoa siit\u00e4, kuinka monta vierailijaa Mr Motorsin verkkosivustolla k\u00e4y, kuinka usein ja mill\u00e4 tavalla. Mr Motors ei k\u00e4yt\u00e4 ohjelmaa ker\u00e4t\u00e4kseen henkil\u00f6tietoja tai yksitt\u00e4isi\u00e4 IP-osoitteita. Tietoja k\u00e4ytet\u00e4\u00e4n ainoastaan anonyymisti ja yhteenvetona tilastotarkoituksiin ja verkkosivuston kehitt\u00e4miseen.<\/p>\n<p>K\u00e4ytt\u00e4j\u00e4 voi kielt\u00e4\u00e4 sellaisten tietojen ker\u00e4\u00e4mist\u00e4 vierailustaan.<\/p>\n<p><strong>Voiko t\u00e4m\u00e4 Tietosuojak\u00e4yt\u00e4nt\u00f6 muuttua?<\/strong><\/p>\n<p>Palveluiden kehitt\u00e4mist\u00e4 varten ja lains\u00e4\u00e4d\u00e4nn\u00f6n muutoksista johtuen pid\u00e4t\u00e4mme itsell\u00e4mme oikeuden tietosuojak\u00e4yt\u00e4nn\u00f6n muuttamiseen. Merkitt\u00e4vist\u00e4 muutoksista tietosuojak\u00e4yt\u00e4nn\u00f6ss\u00e4 tiedotetaan rekister\u00f6ityneille asiakkaille ehtojen p\u00e4ivityksen yhteydess\u00e4.<\/p>\n<p><strong>Keneen otan yhteytt\u00e4?<\/strong><br \/>\nTietosuojakysymyksiss\u00e4 voit ottaa yhteytt\u00e4:<\/p>\n<p><strong>Ab mr.motors KORSN\u00c4S Oy<\/strong><\/p>\n<p>Strandv\u00e4gen 4260<br \/>\n66200 Korsn\u00e4s<\/p>\n<p>06-3641102<br \/>\ninfo@mrmotors.fi<\/p>\n","protected":false},"excerpt":{"rendered":"<p>Tietosuojak\u00e4yt\u00e4nt\u00f6 Mrmotors.fi &#8211;\u00a0P\u00e4ivitetty 18.08.2018 Yhteenveto Mr Motorsin tietosuojak\u00e4yt\u00e4nt\u00f6 on laadittu voidaksesi olla varma siit\u00e4, ett\u00e4 Mr Motors k\u00e4sittelee henkil\u00f6tietojasi asianmukaisella tavalla. Kaikki asiakkaat ovat \u201drekister\u00f6ityj\u00e4\u201d Tietosuoja-asetuksessa olevan m\u00e4\u00e4ritelm\u00e4n mukaisesti. Asiakkaan on hyv\u00e4ksytt\u00e4v\u00e4 t\u00e4m\u00e4n Tietosuojak\u00e4yt\u00e4nn\u00f6n ehdot voidakseen k\u00e4ytt\u00e4\u00e4 Mr Motorsin palveluja. K\u00e4yt\u00e4nt\u00f6 kuvaa mit\u00e4 henkil\u00f6tietoja (eli tiettyihin henkil\u00f6ihin liittyv\u00e4t tiedot tai tiedot, jonka avulla tietyn henkil\u00f6n [&hellip;]<\/p>\n","protected":false},"author":1,"featured_media":0,"parent":0,"menu_order":0,"comment_status":"closed","ping_status":"closed","template":"","meta":{"footnotes":""},"_links":{"self":[{"href":"https:\/\/www.mrmotors.fi\/fi\/wp-json\/wp\/v2\/pages\/5943"}],"collection":[{"href":"https:\/\/www.mrmotors.fi\/fi\/wp-json\/wp\/v2\/pages"}],"about":[{"href":"https:\/\/www.mrmotors.fi\/fi\/wp-json\/wp\/v2\/types\/page"}],"author":[{"embeddable":true,"href":"https:\/\/www.mrmotors.fi\/fi\/wp-json\/wp\/v2\/users\/1"}],"replies":[{"embeddable":true,"href":"https:\/\/www.mrmotors.fi\/fi\/wp-json\/wp\/v2\/comments?post=5943"}],"version-history":[{"count":1,"href":"https:\/\/www.mrmotors.fi\/fi\/wp-json\/wp\/v2\/pages\/5943\/revisions"}],"predecessor-version":[{"id":5944,"href":"https:\/\/www.mrmotors.fi\/fi\/wp-json\/wp\/v2\/pages\/5943\/revisions\/5944"}],"wp:attachment":[{"href":"https:\/\/www.mrmotors.fi\/fi\/wp-json\/wp\/v2\/media?parent=5943"}],"curies":[{"name":"wp","href":"https:\/\/api.w.org\/{rel}","templated":true}]}}