{"id":169,"date":"2015-03-23T08:02:50","date_gmt":"2015-03-23T06:02:50","guid":{"rendered":"http:\/\/ny.mrmotors.fi\/om-oss-2\/"},"modified":"2023-03-12T13:46:44","modified_gmt":"2023-03-12T11:46:44","slug":"meista","status":"publish","type":"page","link":"https:\/\/www.mrmotors.fi\/fi\/meista\/","title":{"rendered":"MEIST\u00c4"},"content":{"rendered":"<div  class=\"fullwidth-content ui--section clearfix\"><div  class=\"ui--section-content\"><div class=\"container\"><div id=\"ui--gallery-1\" class=\"ui--gallery ui--pass\" data-columns=\"4\"><div class=\"unstyled-all clearfix ui--gallery-wrapper columns-4 hidden-phone \"><div class=\"ui-row row\">\n <div   class=\"ui-column span3\"><div class=\"ui--gallery-item ui--animation\"><div class=\"inner\"><img decoding=\"async\" src=\"https:\/\/www.mrmotors.fi\/wp-content\/uploads\/2021\/01\/insidan.jpg\" class=\"\" alt=\"MEIST\u00c4\"\/><div class=\"ui--gallery-overlay\"><div class=\"center\"><span class=\"btn btn-normal btn-icon-left btn-grey ui--animation\" href=\"#\" style=\"\"><i class=\"ui--icon fontawesome-fullscreen\"><\/i><\/span> <\/div><\/div><\/div><\/div><\/div> \n\n <div   class=\"ui-column span3\"><div class=\"ui--gallery-item ui--animation\"><div class=\"inner\"><img decoding=\"async\" src=\"https:\/\/www.mrmotors.fi\/wp-content\/uploads\/2021\/01\/grasklippare.jpg\" class=\"\" alt=\"MEIST\u00c4\"\/><div class=\"ui--gallery-overlay\"><div class=\"center\"><span class=\"btn btn-normal btn-icon-left btn-grey ui--animation\" href=\"#\" style=\"\"><i class=\"ui--icon fontawesome-fullscreen\"><\/i><\/span> <\/div><\/div><\/div><\/div><\/div> \n\n <div   class=\"ui-column span3\"><div class=\"ui--gallery-item ui--animation\"><div class=\"inner\"><img decoding=\"async\" src=\"https:\/\/www.mrmotors.fi\/wp-content\/uploads\/2021\/01\/Propeller.jpg\" class=\"\" alt=\"MEIST\u00c4\"\/><div class=\"ui--gallery-overlay\"><div class=\"center\"><span class=\"btn btn-normal btn-icon-left btn-grey ui--animation\" href=\"#\" style=\"\"><i class=\"ui--icon fontawesome-fullscreen\"><\/i><\/span> <\/div><\/div><\/div><\/div><\/div> \n\n <div   class=\"ui-column span3\"><div class=\"ui--gallery-item ui--animation\"><div class=\"inner\"><img decoding=\"async\" src=\"https:\/\/www.mrmotors.fi\/wp-content\/uploads\/2021\/01\/mrmotors-garden.jpg\" class=\"\" alt=\"MEIST\u00c4\"\/><div class=\"ui--gallery-overlay\"><div class=\"center\"><span class=\"btn btn-normal btn-icon-left btn-grey ui--animation\" href=\"#\" style=\"\"><i class=\"ui--icon fontawesome-fullscreen\"><\/i><\/span> <\/div><\/div><\/div><\/div><\/div> \n\n<\/div> \n<\/div><div class=\"clearfix\"><\/div><\/div><div class=\"ui-row row\">\n <div   class=\"ui-column span8\"><div  class=\"ui--tagline-box-wrapper ui--animation clearfix\"><div  id=\"tagline-1\" class=\"ui--tagline-box ui-row clearfix ui--tagline-box-custom-color radius-3px\" data-responsive=\"{&quot;css&quot;:{&quot;min-height&quot;:{&quot;phone&quot;:&quot;auto&quot;,&quot;tablet&quot;:&quot;auto&quot;,&quot;widescreen&quot;:&quot;&quot;}}}\"><div  class=\"ui--tagline-background-container ui--tagline-background-overlay radius-3px\"><\/div><div  class=\"ui--tagline-background-container ui--tagline-background-image radius-3px\"><\/div><div  class=\"ui--tagline-content\"><div class=\"ui--title ui--animation ui--title-bordered-bottom text-left\"><div class=\"ui--title-holder\"><h2 class=\"ui--title-text\">MR. MOTORS KORSN\u00c4S OY AB<\/h2><\/div><div class=\"ui--title-borders ui--title-border-bottom\"><\/div><\/div><div class=\"auto-format ui--animation\"><h3>Laatua, palvelua ja osaamista 30 vuoden kokemuksella.<\/h3>\n<p>Mr. Motors Korsn\u00e4s Ab Oy on toisen polven perheyritys vapaa-aikasektorilla. Kurt Moliis perusti yrityksen vuonna 1991 ja olemme siit\u00e4 asti pit\u00e4neet myym\u00e4l\u00e4\u00e4 sek\u00e4 n\u00e4yttelyhallia Korsn\u00e4siss\u00e4 Pohjanmaalla. Olemme toimineet alalla 30 vuotta ja nauttineet asiakkaidemme t\u00e4ytt\u00e4 luottamusta mit\u00e4 alati markkinoihin soveltuvaan, laajennettuun ja p\u00e4ivitettyyn tuotevalikoimaan tulee. <\/p>\n<p>Valikoimistamme l\u00f6yd\u00e4t:<\/p>\n<ul>\n<li>Uudet ja k\u00e4ytetyt veneet<\/li>\n<li>Uudet ja k\u00e4ytetyt per\u00e4moottorit.<\/li>\n<li>Ruohonleikkurit<\/li>\n<li>Per\u00e4vaunut, venetrailerit<\/li>\n<li>M\u00f6nkij\u00e4t<\/li>\n<li>Mopot<\/li>\n<li>Lumiskootterit<\/li>\n<\/ul>\n<p>N\u00e4iden lis\u00e4ksi meill\u00e4 on:<\/p>\n<ul>\n<li>Tarvikemyym\u00e4l\u00e4<\/li>\n<li>Varaosamyynti<\/li>\n<li>Auktorisoitu huoltoverstas<\/li>\n<li>Veneiden ja moottoreiden talvis\u00e4ilytys<\/li>\n<\/ul>\n<p>Suoritamme tietenkin huollot ja korjaukset kaikille edustamillemme tuotteille ja merkeille. Ostamme my\u00f6s k\u00e4ytetyt veneet ja moottorit k\u00e4teismaksulla.<\/p>\n<p>Tervetuloa k\u00e4ym\u00e4\u00e4n tai ottamaan yhteytt\u00e4 meihin Mr. Motorsilla, p\u00e4\u00e4m\u00e4\u00e4r\u00e4mme on tehd\u00e4 kanssasi turvalliset, edulliset ja antoisat kaupat, oli kyse sitten uudesta, k\u00e4ytetyst\u00e4 tai huollosta.<\/p>\n<\/div><\/div><\/div><\/div><\/div> \n\n <div   class=\"ui-column span4\"><div  class=\"ui--tagline-box-wrapper ui--animation clearfix\"><div  id=\"tagline-2\" class=\"ui--tagline-box ui-row clearfix ui--tagline-box-custom-color radius-3px\" data-responsive=\"{&quot;css&quot;:{&quot;min-height&quot;:{&quot;phone&quot;:&quot;auto&quot;,&quot;tablet&quot;:&quot;auto&quot;,&quot;widescreen&quot;:&quot;&quot;}}}\"><div  class=\"ui--tagline-background-container ui--tagline-background-overlay radius-3px\"><\/div><div  class=\"ui--tagline-background-container ui--tagline-background-image radius-3px\"><\/div><div  class=\"ui--tagline-content\"><div class=\"ui--title ui--animation ui--title-bordered-bottom text-left\"><div class=\"ui--title-holder\"><h3 class=\"ui--title-text\"> YHTEYSTIEDOT<\/h3><\/div><div class=\"ui--title-borders ui--title-border-bottom\"><\/div><\/div><div class=\"auto-format ui--animation\"><p>Puh. 06-364 1102<br \/>\ninfo[at]mrmotors.fi<\/p>\n<p><strong>K\u00e4yntiosoite:<\/strong><br \/>\nStrandv\u00e4gen 4260<br \/>\n66200 Korsn\u00e4s<\/p>\n<\/div><div id=\"text-11\" class=\"widget widget_text\">\t\t\t<div class=\"textwidget\"><p><strong>Aukioloajat<\/strong><br \/>\nMa-Pe: 08.00 \u2013 18.00<\/p>\n<p>La: 09.00 \u2013 14.00<\/p>\n<p>&nbsp;<\/p>\n<\/div>\n\t\t<\/div><\/div><\/div><\/div><div  class=\"ui--tagline-box-wrapper ui--animation clearfix\"><div  id=\"tagline-3\" class=\"ui--tagline-box ui-row clearfix ui--tagline-box-custom-color radius-3px\" data-responsive=\"{&quot;css&quot;:{&quot;min-height&quot;:{&quot;phone&quot;:&quot;auto&quot;,&quot;tablet&quot;:&quot;auto&quot;,&quot;widescreen&quot;:&quot;&quot;}}}\"><div  class=\"ui--tagline-background-container ui--tagline-background-overlay radius-3px\"><\/div><div  class=\"ui--tagline-background-container ui--tagline-background-image radius-3px\"><\/div><div  class=\"ui--tagline-content\"><div class=\"ui--title ui--animation ui--title-bordered-bottom text-left\"><div class=\"ui--title-holder\"><h3 class=\"ui--title-text\">HENKIL\u00d6KUNTA<\/h3><\/div><div class=\"ui--title-borders ui--title-border-bottom\"><\/div><\/div><div class=\"auto-format ui--animation\"><p><strong>Myynti:<\/strong><br \/>\nNicklas Moliis<br \/>\n050-3686715<\/p>\n<p>Pontus Moliis<br \/>\n050-3686716<\/p>\n<p><strong>Huolto:<\/strong><br \/>\nHerman Moliis<br \/>\n050-3686718<\/p>\n<\/div><\/div><\/div><\/div><\/div> \n\n<\/div> \n<\/div><\/div><\/div><!-- \/.fullwidth-container -->","protected":false},"excerpt":{"rendered":"<p>MR. MOTORS KORSN\u00c4S OY ABLaatua, palvelua ja osaamista 30 vuoden kokemuksella. Mr. Motors Korsn\u00e4s Ab Oy on toisen polven perheyritys vapaa-aikasektorilla. Kurt Moliis perusti yrityksen vuonna 1991 ja olemme siit\u00e4 asti pit\u00e4neet myym\u00e4l\u00e4\u00e4 sek\u00e4 n\u00e4yttelyhallia Korsn\u00e4siss\u00e4 Pohjanmaalla. Olemme toimineet alalla 30 vuotta ja nauttineet asiakkaidemme t\u00e4ytt\u00e4 luottamusta mit\u00e4 alati markkinoihin soveltuvaan, laajennettuun ja p\u00e4ivitettyyn tuotevalikoimaan [&hellip;]<\/p>\n","protected":false},"author":1,"featured_media":0,"parent":0,"menu_order":0,"comment_status":"open","ping_status":"open","template":"","meta":{"footnotes":""},"_links":{"self":[{"href":"https:\/\/www.mrmotors.fi\/fi\/wp-json\/wp\/v2\/pages\/169"}],"collection":[{"href":"https:\/\/www.mrmotors.fi\/fi\/wp-json\/wp\/v2\/pages"}],"about":[{"href":"https:\/\/www.mrmotors.fi\/fi\/wp-json\/wp\/v2\/types\/page"}],"author":[{"embeddable":true,"href":"https:\/\/www.mrmotors.fi\/fi\/wp-json\/wp\/v2\/users\/1"}],"replies":[{"embeddable":true,"href":"https:\/\/www.mrmotors.fi\/fi\/wp-json\/wp\/v2\/comments?post=169"}],"version-history":[{"count":10,"href":"https:\/\/www.mrmotors.fi\/fi\/wp-json\/wp\/v2\/pages\/169\/revisions"}],"predecessor-version":[{"id":13802,"href":"https:\/\/www.mrmotors.fi\/fi\/wp-json\/wp\/v2\/pages\/169\/revisions\/13802"}],"wp:attachment":[{"href":"https:\/\/www.mrmotors.fi\/fi\/wp-json\/wp\/v2\/media?parent=169"}],"curies":[{"name":"wp","href":"https:\/\/api.w.org\/{rel}","templated":true}]}}