{"id":163,"date":"2015-03-23T08:02:59","date_gmt":"2015-03-23T06:02:59","guid":{"rendered":"http:\/\/ny.mrmotors.fi\/kontakta-oss-2\/"},"modified":"2023-03-12T13:44:08","modified_gmt":"2023-03-12T11:44:08","slug":"ota-yhteytta","status":"publish","type":"page","link":"https:\/\/www.mrmotors.fi\/fi\/ota-yhteytta\/","title":{"rendered":"Ota yhteytt\u00e4"},"content":{"rendered":"<div class=\"ui--image-wrap clearfix\" style=\"margin-bottom: 20px;\"><img decoding=\"async\"  id=\"ui--image-1\" class=\"ui--image ui--animation\" src=\"https:\/\/www.mrmotors.fi\/wp-content\/uploads\/2021\/01\/googlemap.png\" alt=\"googlemap\" title=\"googlemap\" data-at2x=\"\"\/><\/div><div class=\"ui-row row\">\n <div   class=\"ui-column span8\"><div  class=\"ui--tagline-box-wrapper ui--animation clearfix\"><div  id=\"tagline-1\" class=\"ui--tagline-box ui-row clearfix ui--tagline-box-custom-color radius-3px\" data-responsive=\"{&quot;css&quot;:{&quot;min-height&quot;:{&quot;phone&quot;:&quot;auto&quot;,&quot;tablet&quot;:&quot;auto&quot;,&quot;widescreen&quot;:&quot;&quot;}}}\"><div  class=\"ui--tagline-background-container ui--tagline-background-overlay radius-3px\"><\/div><div  class=\"ui--tagline-background-container ui--tagline-background-image radius-3px\"><\/div><div  class=\"ui--tagline-content\"><div class=\"ui-row row\">\n <div   class=\"ui-column span6\"><div class=\"ui--title ui--animation ui--title-bordered-bottom text-left\"><div class=\"ui--title-holder\"><h3 class=\"ui--title-text\">YHTEYSTIEDOT<\/h3><\/div><div class=\"ui--title-borders ui--title-border-bottom\"><\/div><\/div><div class=\"auto-format ui--animation\"><p>Puh. 06-364 1102<br \/>\ninfo[at]mrmotors.fi<\/p>\n<p><strong>K\u00e4yntiosoite:<\/strong><br \/>\nStrandv\u00e4gen 4260<br \/>\n66200 Korsn\u00e4s<\/p>\n<\/div><div id=\"text-11\" class=\"widget widget_text\">\t\t\t<div class=\"textwidget\"><p><strong>Aukioloajat<\/strong><br \/>\nMa-Pe: 08.00 \u2013 18.00<\/p>\n<p>La: 09.00 \u2013 14.00<\/p>\n<p>&nbsp;<\/p>\n<\/div>\n\t\t<\/div><\/div> \n\n <div   class=\"ui-column span6\"><div class=\"ui--title ui--animation ui--title-bordered-bottom text-left\"><div class=\"ui--title-holder\"><h3 class=\"ui--title-text\">HENKIL\u00d6KUNTA<\/h3><\/div><div class=\"ui--title-borders ui--title-border-bottom\"><\/div><\/div><div class=\"auto-format ui--animation\"><p><strong>Myynti:<\/strong><br \/>\nNicklas Moliis<br \/>\n050-3686715<\/p>\n<p>Pontus Moliis<br \/>\n050-3686716<\/p>\n<p><strong>Huolto:<\/strong><br \/>\nHerman Moliis<br \/>\n050-3686718<\/p>\n<\/div><\/div> \n\n<\/div> \n<\/div><\/div><\/div><div  class=\"ui--tagline-box-wrapper ui--animation clearfix\"><div  id=\"tagline-2\" class=\"ui--tagline-box ui-row clearfix ui--tagline-box-custom-color radius-3px\" data-responsive=\"{&quot;css&quot;:{&quot;min-height&quot;:{&quot;phone&quot;:&quot;auto&quot;,&quot;tablet&quot;:&quot;auto&quot;,&quot;widescreen&quot;:&quot;&quot;}}}\"><div  class=\"ui--tagline-background-container ui--tagline-background-overlay radius-3px\"><\/div><div  class=\"ui--tagline-background-container ui--tagline-background-image radius-3px\"><\/div><div  class=\"ui--tagline-content\"><div  class=\"ui--space clearfix\" data-responsive=\"{&quot;css&quot;:{&quot;height&quot;:{&quot;phone&quot;:null,&quot;tablet&quot;:null,&quot;widescreen&quot;:null}}}\"><\/div><div class=\"ui--title ui--animation ui--title-bordered-bottom text-left\"><div class=\"ui--title-holder\"><h3 class=\"ui--title-text\">L\u00c4HET\u00c4 VIESTI \/ HUOLTOPYYNT\u00d6<\/h3><\/div><div class=\"ui--title-borders ui--title-border-bottom\"><\/div><\/div>\n<div class=\"wpcf7 no-js\" id=\"wpcf7-f178-o1\" lang=\"fi\" dir=\"ltr\">\n<div class=\"screen-reader-response\"><p role=\"status\" aria-live=\"polite\" aria-atomic=\"true\"><\/p> <ul><\/ul><\/div>\n<form action=\"\/fi\/wp-json\/wp\/v2\/pages\/163#wpcf7-f178-o1\" method=\"post\" class=\"wpcf7-form init\" aria-label=\"Yhteydenottolomake\" novalidate=\"novalidate\" data-status=\"init\">\n<div style=\"display: none;\">\n<input type=\"hidden\" name=\"_wpcf7\" value=\"178\" \/>\n<input type=\"hidden\" name=\"_wpcf7_version\" value=\"5.9.5\" \/>\n<input type=\"hidden\" name=\"_wpcf7_locale\" value=\"fi\" \/>\n<input type=\"hidden\" name=\"_wpcf7_unit_tag\" value=\"wpcf7-f178-o1\" \/>\n<input type=\"hidden\" name=\"_wpcf7_container_post\" value=\"0\" \/>\n<input type=\"hidden\" name=\"_wpcf7_posted_data_hash\" value=\"\" \/>\n<\/div>\n<p>Nimi (pakollinen)\n<\/p>\n<p><span class=\"wpcf7-form-control-wrap\" data-name=\"your-name\"><input size=\"40\" class=\"wpcf7-form-control wpcf7-text wpcf7-validates-as-required\" aria-required=\"true\" aria-invalid=\"false\" value=\"\" type=\"text\" name=\"your-name\" \/><\/span>\n<\/p>\n<p>S\u00e4hk\u00f6posti (pakollinen)\n<\/p>\n<p><span class=\"wpcf7-form-control-wrap\" data-name=\"your-email\"><input size=\"40\" class=\"wpcf7-form-control wpcf7-email wpcf7-validates-as-required wpcf7-text wpcf7-validates-as-email\" aria-required=\"true\" aria-invalid=\"false\" value=\"\" type=\"email\" name=\"your-email\" \/><\/span>\n<\/p>\n<p>Aihe\n<\/p>\n<p><span class=\"wpcf7-form-control-wrap\" data-name=\"your-subject\"><input size=\"40\" class=\"wpcf7-form-control wpcf7-text\" aria-invalid=\"false\" value=\"\" type=\"text\" name=\"your-subject\" \/><\/span>\n<\/p>\n<p>Viesti\n<\/p>\n<p><span class=\"wpcf7-form-control-wrap\" data-name=\"your-message\"><textarea cols=\"40\" rows=\"10\" class=\"wpcf7-form-control wpcf7-textarea\" aria-invalid=\"false\" name=\"your-message\"><\/textarea><\/span>\n<\/p>\n<p>Henkil\u00f6tietojen k\u00e4sittely (tietosuojak\u00e4yt\u00e4nt\u00f6mme mukaisesti) <a href=\"https:\/\/www.mrmotors.fi\/fi\/tietosuojakaytanto\/\"> Tietosuojak\u00e4yt\u00e4nt\u00f6<\/a>\n<\/p>\n<p><span class=\"wpcf7-form-control-wrap\" data-name=\"checkbox-988\"><span class=\"wpcf7-form-control wpcf7-checkbox wpcf7-validates-as-required\"><span class=\"wpcf7-list-item first last\"><input type=\"checkbox\" name=\"checkbox-988[]\" value=\"- Suostun siihen, ett\u00e4 henkil\u00f6tietojani k\u00e4sitell\u00e4\u00e4n\" \/><span class=\"wpcf7-list-item-label\">- Suostun siihen, ett\u00e4 henkil\u00f6tietojani k\u00e4sitell\u00e4\u00e4n<\/span><\/span><\/span><\/span>\n<\/p>\n<p>Sy\u00f6t\u00e4 koodi: <input type=\"hidden\" name=\"_wpcf7_captcha_challenge_syota\" value=\"1015826732\" \/><img loading=\"lazy\" decoding=\"async\" class=\"wpcf7-form-control wpcf7-captchac wpcf7-captcha-syota\" width=\"72\" height=\"24\" alt=\"captcha\" src=\"https:\/\/www.mrmotors.fi\/wp-content\/uploads\/wpcf7_captcha\/1015826732.png\" \/> alle<br \/>\n<span class=\"wpcf7-form-control-wrap\" data-name=\"syota\"><input size=\"40\" class=\"wpcf7-form-control wpcf7-captchar\" autocomplete=\"off\" aria-invalid=\"false\" value=\"\" type=\"text\" name=\"syota\" \/><\/span>\n<\/p>\n<p><input class=\"wpcf7-form-control wpcf7-submit has-spinner\" type=\"submit\" value=\"L\u00e4het\u00e4\" \/>\n<\/p><div class=\"wpcf7-response-output\" aria-hidden=\"true\"><\/div>\n<\/form>\n<\/div>\n<\/div><\/div><\/div><\/div> \n\n <div   class=\"ui-column span4\"><div  class=\"ui--tagline-box-wrapper ui--animation clearfix\"><div  id=\"tagline-3\" class=\"ui--tagline-box ui-row clearfix ui--tagline-box-custom-color radius-3px\" data-responsive=\"{&quot;css&quot;:{&quot;min-height&quot;:{&quot;phone&quot;:&quot;auto&quot;,&quot;tablet&quot;:&quot;auto&quot;,&quot;widescreen&quot;:&quot;&quot;}}}\"><div  class=\"ui--tagline-background-container ui--tagline-background-overlay radius-3px\"><\/div><div  class=\"ui--tagline-background-container ui--tagline-background-image radius-3px\"><\/div><div  class=\"ui--tagline-content\"><div class=\"ui--title ui--animation ui--title-bordered-bottom text-left\"><div class=\"ui--title-holder\"><h3 class=\"ui--title-text\">KYSY HINTAA<\/h3><\/div><div class=\"ui--title-borders ui--title-border-bottom\"><\/div><\/div>\n<div class=\"wpcf7 no-js\" id=\"wpcf7-f895-o2\" lang=\"fi\" dir=\"ltr\">\n<div class=\"screen-reader-response\"><p role=\"status\" aria-live=\"polite\" aria-atomic=\"true\"><\/p> <ul><\/ul><\/div>\n<form action=\"\/fi\/wp-json\/wp\/v2\/pages\/163#wpcf7-f895-o2\" method=\"post\" class=\"wpcf7-form init\" aria-label=\"Yhteydenottolomake\" novalidate=\"novalidate\" data-status=\"init\">\n<div style=\"display: none;\">\n<input type=\"hidden\" name=\"_wpcf7\" value=\"895\" \/>\n<input type=\"hidden\" name=\"_wpcf7_version\" value=\"5.9.5\" \/>\n<input type=\"hidden\" name=\"_wpcf7_locale\" value=\"fi\" \/>\n<input type=\"hidden\" name=\"_wpcf7_unit_tag\" value=\"wpcf7-f895-o2\" \/>\n<input type=\"hidden\" name=\"_wpcf7_container_post\" value=\"0\" \/>\n<input type=\"hidden\" name=\"_wpcf7_posted_data_hash\" value=\"\" \/>\n<\/div>\n<p>Valitse\n<\/p>\n<p><span class=\"wpcf7-form-control-wrap\" data-name=\"valitse\"><select class=\"wpcf7-form-control wpcf7-select\" aria-invalid=\"false\" name=\"valitse\"><option value=\"Vene\">Vene<\/option><option value=\"Per\u00e4moottori\">Per\u00e4moottori<\/option><option value=\"Ruohonleikkuri\">Ruohonleikkuri<\/option><option value=\"Per\u00e4k\u00e4rry\">Per\u00e4k\u00e4rry<\/option><option value=\"M\u00f6nkij\u00e4\">M\u00f6nkij\u00e4<\/option><option value=\"Mopo\">Mopo<\/option><option value=\"Moottorikelkka\">Moottorikelkka<\/option><\/select><\/span>\n<\/p>\n<p>Merkki \/ Malli\n<\/p>\n<p><span class=\"wpcf7-form-control-wrap\" data-name=\"merkmall\"><input size=\"40\" class=\"wpcf7-form-control wpcf7-text\" aria-invalid=\"false\" value=\"\" type=\"text\" name=\"merkmall\" \/><\/span>\n<\/p>\n<p>Nimi (pakollinen)\n<\/p>\n<p><span class=\"wpcf7-form-control-wrap\" data-name=\"your-name\"><input size=\"40\" class=\"wpcf7-form-control wpcf7-text wpcf7-validates-as-required\" aria-required=\"true\" aria-invalid=\"false\" value=\"\" type=\"text\" name=\"your-name\" \/><\/span>\n<\/p>\n<p>S\u00e4hk\u00f6posti (pakollinen)\n<\/p>\n<p><span class=\"wpcf7-form-control-wrap\" data-name=\"your-email\"><input size=\"40\" class=\"wpcf7-form-control wpcf7-email wpcf7-validates-as-required wpcf7-text wpcf7-validates-as-email\" aria-required=\"true\" aria-invalid=\"false\" value=\"\" type=\"email\" name=\"your-email\" \/><\/span>\n<\/p>\n<p>Henkil\u00f6tietojen k\u00e4sittely (tietosuojak\u00e4yt\u00e4nt\u00f6mme mukaisesti) <a href=\"https:\/\/www.mrmotors.fi\/fi\/tietosuojakaytanto\/\"> Tietosuojak\u00e4yt\u00e4nt\u00f6<\/a>\n<\/p>\n<p><span class=\"wpcf7-form-control-wrap\" data-name=\"checkbox-988\"><span class=\"wpcf7-form-control wpcf7-checkbox wpcf7-validates-as-required\"><span class=\"wpcf7-list-item first last\"><input type=\"checkbox\" name=\"checkbox-988[]\" value=\"- Suostun siihen, ett\u00e4 henkil\u00f6tietojani k\u00e4sitell\u00e4\u00e4n\" \/><span class=\"wpcf7-list-item-label\">- Suostun siihen, ett\u00e4 henkil\u00f6tietojani k\u00e4sitell\u00e4\u00e4n<\/span><\/span><\/span><\/span>\n<\/p>\n<p><input class=\"wpcf7-form-control wpcf7-submit has-spinner\" type=\"submit\" value=\"L\u00e4het\u00e4\" \/>\n<\/p><div class=\"wpcf7-response-output\" aria-hidden=\"true\"><\/div>\n<\/form>\n<\/div>\n<\/div><\/div><\/div><div  class=\"ui--tagline-box-wrapper ui--animation clearfix\"><div  id=\"tagline-4\" class=\"ui--tagline-box ui-row clearfix ui--tagline-box-custom-color radius-3px\" data-responsive=\"{&quot;css&quot;:{&quot;min-height&quot;:{&quot;phone&quot;:&quot;auto&quot;,&quot;tablet&quot;:&quot;auto&quot;,&quot;widescreen&quot;:&quot;&quot;}}}\"><div  class=\"ui--tagline-background-container ui--tagline-background-overlay radius-3px\"><\/div><div  class=\"ui--tagline-background-container ui--tagline-background-image radius-3px\"><\/div><div  class=\"ui--tagline-content\"><div class=\"ui--title ui--animation ui--title-bordered-bottom text-left\"><div class=\"ui--title-holder\"><h3 class=\"ui--title-text\">Seuraa meit\u00e4 facebookissa!<\/h3><\/div><div class=\"ui--title-borders ui--title-border-bottom\"><\/div><\/div><div class=\"ui--image-wrap clearfix\"><a href=\"https:\/\/www.facebook.com\/pages\/MrMotors\/201321356705129\" target=\"_blank\"><img decoding=\"async\"  id=\"ui--image-2\" class=\"ui--image ui--animation\" src=\"https:\/\/www.mrmotors.fi\/wp-content\/uploads\/2015\/03\/facebook2-icon.png\" alt=\"facebook2-icon\" title=\"facebook2-icon\" data-at2x=\"\"\/><\/a><\/div><\/div><\/div><\/div><\/div> \n\n<\/div> \n","protected":false},"excerpt":{"rendered":"<p>YHTEYSTIEDOTPuh. 06-364 1102 info[at]mrmotors.fi K\u00e4yntiosoite: Strandv\u00e4gen 4260 66200 Korsn\u00e4s Aukioloajat Ma-Pe: 08.00 \u2013 18.00 La: 09.00 \u2013 14.00 &nbsp; HENKIL\u00d6KUNTAMyynti: Nicklas Moliis 050-3686715 Pontus Moliis 050-3686716 Huolto: Herman Moliis 050-3686718 L\u00c4HET\u00c4 VIESTI \/ HUOLTOPYYNT\u00d6 Nimi (pakollinen) S\u00e4hk\u00f6posti (pakollinen) Aihe Viesti Henkil\u00f6tietojen k\u00e4sittely (tietosuojak\u00e4yt\u00e4nt\u00f6mme mukaisesti) Tietosuojak\u00e4yt\u00e4nt\u00f6 &#8211; Suostun siihen, ett\u00e4 henkil\u00f6tietojani k\u00e4sitell\u00e4\u00e4n Sy\u00f6t\u00e4 koodi: alle KYSY [&hellip;]<\/p>\n","protected":false},"author":1,"featured_media":0,"parent":0,"menu_order":0,"comment_status":"open","ping_status":"open","template":"","meta":{"footnotes":""},"_links":{"self":[{"href":"https:\/\/www.mrmotors.fi\/fi\/wp-json\/wp\/v2\/pages\/163"}],"collection":[{"href":"https:\/\/www.mrmotors.fi\/fi\/wp-json\/wp\/v2\/pages"}],"about":[{"href":"https:\/\/www.mrmotors.fi\/fi\/wp-json\/wp\/v2\/types\/page"}],"author":[{"embeddable":true,"href":"https:\/\/www.mrmotors.fi\/fi\/wp-json\/wp\/v2\/users\/1"}],"replies":[{"embeddable":true,"href":"https:\/\/www.mrmotors.fi\/fi\/wp-json\/wp\/v2\/comments?post=163"}],"version-history":[{"count":7,"href":"https:\/\/www.mrmotors.fi\/fi\/wp-json\/wp\/v2\/pages\/163\/revisions"}],"predecessor-version":[{"id":9811,"href":"https:\/\/www.mrmotors.fi\/fi\/wp-json\/wp\/v2\/pages\/163\/revisions\/9811"}],"wp:attachment":[{"href":"https:\/\/www.mrmotors.fi\/fi\/wp-json\/wp\/v2\/media?parent=163"}],"curies":[{"name":"wp","href":"https:\/\/api.w.org\/{rel}","templated":true}]}}