{"id":14628,"date":"2023-09-04T17:06:16","date_gmt":"2023-09-04T14:06:16","guid":{"rendered":"https:\/\/www.mrmotors.fi\/?page_id=14628"},"modified":"2024-04-24T07:53:31","modified_gmt":"2024-04-24T04:53:31","slug":"huolto","status":"publish","type":"page","link":"https:\/\/www.mrmotors.fi\/fi\/huolto\/","title":{"rendered":"Huolto"},"content":{"rendered":"<div class=\"auto-format ui--animation\"><h2>Huoltotarve? Nopealla toimitukella. My\u00f6s talvis\u00e4ilytys onnistuu.<\/h2>\n<\/div><div  class=\"fullwidth-content ui--section clearfix visible-desktop \"><div  class=\"ui--section-content\"><div class=\"container\"><div class=\"ui-row row\">\n <div   class=\"ui-column span3\"><div class=\"ui--image-wrap clearfix\" style=\"margin-bottom: 20px;\"><img decoding=\"async\"  id=\"ui--image-1\" class=\"ui--image ui--animation\" src=\"https:\/\/www.mrmotors.fi\/wp-content\/uploads\/2023\/09\/Service-3.jpg\" alt=\"Service-3\" title=\"Service-3\" data-at2x=\"\"\/><\/div><\/div> \n\n <div   class=\"ui-column span3\"><div class=\"ui--image-wrap clearfix\" style=\"margin-bottom: 20px;\"><img decoding=\"async\"  id=\"ui--image-2\" class=\"ui--image ui--animation\" src=\"https:\/\/www.mrmotors.fi\/wp-content\/uploads\/2023\/09\/Service-4.jpg\" alt=\"Service-4\" title=\"Service-4\" data-at2x=\"\"\/><\/div><\/div> \n\n <div   class=\"ui-column span3\"><div class=\"ui--image-wrap clearfix\" style=\"margin-bottom: 20px;\"><img decoding=\"async\"  id=\"ui--image-3\" class=\"ui--image ui--animation\" src=\"https:\/\/www.mrmotors.fi\/wp-content\/uploads\/2023\/09\/Service-2.jpg\" alt=\"Service-2\" title=\"Service-2\" data-at2x=\"\"\/><\/div><\/div> \n\n <div   class=\"ui-column span3\"><div class=\"ui--image-wrap clearfix\" style=\"margin-bottom: 20px;\"><img decoding=\"async\"  id=\"ui--image-4\" class=\"ui--image ui--animation\" src=\"https:\/\/www.mrmotors.fi\/wp-content\/uploads\/2023\/09\/Service-1.jpg\" alt=\"Service-1\" title=\"Service-1\" data-at2x=\"\"\/><\/div><\/div> \n\n<\/div> \n<\/div><\/div><\/div><!-- \/.fullwidth-container --><div class=\"auto-format ui--animation\"><p>Huollamme kaikki merkkit. Honda, Mercury ja Suzuki merkkihuolto. Hoidamme moottorihuollot, pesu, vahaukset, kiilotukset,pohjamaalaukset, tarvikkeiden asennus jne. Viel\u00e4 l\u00f6ytyy vapaita talvis\u00e4ilytys paikkoja. Kysy.<br \/>\nOlemme valmiina palvelemaan. <\/p>\n<p><strong>Aukioloajat<\/strong><br \/>\nMa-Pe: 08.00 \u2013 18.00<br \/>\nLa: 09.00 \u2013 12.00<\/p>\n<p><strong>Tervetuloa!<\/strong> <\/p>\n<\/div><div  class=\"fullwidth-content ui--section clearfix hidden-desktop \"><div  class=\"ui--section-content\"><div class=\"container\"><div class=\"ui-row row\">\n <div   class=\"ui-column span3\"><div class=\"ui--image-wrap clearfix\" style=\"margin-bottom: 20px;\"><img decoding=\"async\"  id=\"ui--image-5\" class=\"ui--image ui--animation\" src=\"https:\/\/www.mrmotors.fi\/wp-content\/uploads\/2023\/09\/Service-3.jpg\" alt=\"Service-3\" title=\"Service-3\" data-at2x=\"\"\/><\/div><\/div> \n\n <div   class=\"ui-column span3\"><div class=\"ui--image-wrap clearfix\" style=\"margin-bottom: 20px;\"><img decoding=\"async\"  id=\"ui--image-6\" class=\"ui--image ui--animation\" src=\"https:\/\/www.mrmotors.fi\/wp-content\/uploads\/2023\/09\/Service-4.jpg\" alt=\"Service-4\" title=\"Service-4\" data-at2x=\"\"\/><\/div><\/div> \n\n <div   class=\"ui-column span3\"><div class=\"ui--image-wrap clearfix\" style=\"margin-bottom: 20px;\"><img decoding=\"async\"  id=\"ui--image-7\" class=\"ui--image ui--animation\" src=\"https:\/\/www.mrmotors.fi\/wp-content\/uploads\/2023\/09\/Service-2.jpg\" alt=\"Service-2\" title=\"Service-2\" data-at2x=\"\"\/><\/div><\/div> \n\n <div   class=\"ui-column span3\"><div class=\"ui--image-wrap clearfix\" style=\"margin-bottom: 20px;\"><img decoding=\"async\"  id=\"ui--image-8\" class=\"ui--image ui--animation\" src=\"https:\/\/www.mrmotors.fi\/wp-content\/uploads\/2023\/09\/Service-1.jpg\" alt=\"Service-1\" title=\"Service-1\" data-at2x=\"\"\/><\/div><\/div> \n\n<\/div> \n<\/div><\/div><\/div><!-- \/.fullwidth-container -->","protected":false},"excerpt":{"rendered":"<p>Huoltotarve? Nopealla toimitukella. My\u00f6s talvis\u00e4ilytys onnistuu. Huollamme kaikki merkkit. Honda, Mercury ja Suzuki merkkihuolto. Hoidamme moottorihuollot, pesu, vahaukset, kiilotukset,pohjamaalaukset, tarvikkeiden asennus jne. Viel\u00e4 l\u00f6ytyy vapaita talvis\u00e4ilytys paikkoja. Kysy. Olemme valmiina palvelemaan. Aukioloajat Ma-Pe: 08.00 \u2013 18.00 La: 09.00 \u2013 12.00 Tervetuloa!<\/p>\n","protected":false},"author":1,"featured_media":0,"parent":0,"menu_order":0,"comment_status":"closed","ping_status":"closed","template":"","meta":{"footnotes":""},"_links":{"self":[{"href":"https:\/\/www.mrmotors.fi\/fi\/wp-json\/wp\/v2\/pages\/14628"}],"collection":[{"href":"https:\/\/www.mrmotors.fi\/fi\/wp-json\/wp\/v2\/pages"}],"about":[{"href":"https:\/\/www.mrmotors.fi\/fi\/wp-json\/wp\/v2\/types\/page"}],"author":[{"embeddable":true,"href":"https:\/\/www.mrmotors.fi\/fi\/wp-json\/wp\/v2\/users\/1"}],"replies":[{"embeddable":true,"href":"https:\/\/www.mrmotors.fi\/fi\/wp-json\/wp\/v2\/comments?post=14628"}],"version-history":[{"count":7,"href":"https:\/\/www.mrmotors.fi\/fi\/wp-json\/wp\/v2\/pages\/14628\/revisions"}],"predecessor-version":[{"id":15538,"href":"https:\/\/www.mrmotors.fi\/fi\/wp-json\/wp\/v2\/pages\/14628\/revisions\/15538"}],"wp:attachment":[{"href":"https:\/\/www.mrmotors.fi\/fi\/wp-json\/wp\/v2\/media?parent=14628"}],"curies":[{"name":"wp","href":"https:\/\/api.w.org\/{rel}","templated":true}]}}